{"id":11910,"date":"2022-04-13T07:27:31","date_gmt":"2022-04-13T07:27:31","guid":{"rendered":"https:\/\/2022.transeuropafestival.eu\/?page_id=11910"},"modified":"2022-04-13T07:37:55","modified_gmt":"2022-04-13T07:37:55","slug":"war-in-europe","status":"publish","type":"page","link":"https:\/\/2022.transeuropafestival.eu\/pt-pt\/war-in-europe\/","title":{"rendered":"WEBINAR &#8211; A GUERRA NA EUROPA &#8211; ESTAR\u00c1 A UE APTA PARA A PAZ?"},"content":{"rendered":"<div id='eventheader'  class='avia-section main_color avia-section-huge avia-no-border-styling  avia-full-stretch av-parallax-section av-section-color-overlay-active avia-bg-style-parallax  avia-builder-el-0  el_before_av_section  avia-builder-el-first   container_wrap fullsize' style=' '  data-section-bg-repeat='stretch'><div class='av-parallax' data-avia-parallax-ratio='0.3' ><div class='av-parallax-inner main_color  avia-full-stretch' style = 'background-repeat: no-repeat; background-image: url(https:\/\/2022.transeuropafestival.eu\/wp-content\/uploads\/2022\/04\/Untitled-design-73.png);background-attachment: scroll; background-position: center center; ' ><\/div><\/div><div class='av-section-color-overlay-wrap'><div class='av-section-color-overlay' style='opacity: 0.5; background-color: #35383c; '><\/div><div class='container' ><main  role=\"main\" itemprop=\"mainContentOfPage\"  class='template-page content  av-content-full alpha units'><div class='post-entry post-entry-type-page post-entry-11910'><div class='entry-content-wrapper clearfix'>\n<div class=\"flex_column av_one_fifth  flex_column_div av-zero-column-padding first  avia-builder-el-1  el_before_av_three_fifth  avia-builder-el-first  \" style='border-radius:0px; '><\/div><div class=\"flex_column av_three_fifth  flex_column_div av-zero-column-padding   avia-builder-el-2  el_after_av_one_fifth  el_before_av_one_fifth  \" style='border-radius:0px; '><div  style='padding-bottom:19px; color:#ffffff;font-size:40px;' class='av-special-heading av-special-heading-h1 custom-color-heading blockquote modern-quote modern-centered  avia-builder-el-3  avia-builder-el-no-sibling  av-inherit-size '><h1 class='av-special-heading-tag '  itemprop=\"headline\"  >WEBINAR &#8211; A GUERRA NA EUROPA &#8211; ESTAR\u00c1 A UE APTA PARA A PAZ?<\/h1><div class='special-heading-border'><div class='special-heading-inner-border' style='border-color:#ffffff'><\/div><\/div><\/div><\/div><div class=\"flex_column av_one_fifth  flex_column_div av-zero-column-padding   avia-builder-el-4  el_after_av_three_fifth  el_before_av_one_fifth  \" style='border-radius:0px; '><\/div><div class=\"flex_column av_one_fifth  flex_column_div av-zero-column-padding first  avia-builder-el-5  el_after_av_one_fifth  el_before_av_three_fifth  column-top-margin\" style='border-radius:0px; '><\/div><div class=\"flex_column av_three_fifth  flex_column_div av-zero-column-padding   avia-builder-el-6  el_after_av_one_fifth  el_before_av_one_fifth  column-top-margin\" style='border-radius:0px; '><p><article  class=\"iconbox iconbox_left    avia-builder-el-7  el_before_av_icon_box  avia-builder-el-first  \"  itemscope=\"itemscope\" itemtype=\"https:\/\/schema.org\/CreativeWork\" ><div class=\"iconbox_content\"><header class=\"entry-content-header\"><div class=\"iconbox_icon heading-color\" aria-hidden='true' data-av_icon='\ue842' data-av_iconfont='entypo-fontello'  style='background-color:#000000; color:#ffffff; ' ><\/div><h3 class='iconbox_content_title  '  itemprop=\"headline\"   style='color:#ffffff; '>Online <\/h3><\/header><div class='iconbox_content_container  '  itemprop=\"text\"  ><\/div><\/div><footer class=\"entry-footer\"><\/footer><\/article><br \/>\n<article  class=\"iconbox iconbox_left    avia-builder-el-8  el_after_av_icon_box  avia-builder-el-last  \"  itemscope=\"itemscope\" itemtype=\"https:\/\/schema.org\/CreativeWork\" ><div class=\"iconbox_content\"><header class=\"entry-content-header\"><div class=\"iconbox_icon heading-color\" aria-hidden='true' data-av_icon='\ue862' data-av_iconfont='entypo-fontello'  style='background-color:#000000; color:#ffffff; ' ><\/div><h3 class='iconbox_content_title  '  itemprop=\"headline\"   style='color:#ffffff; '>April 21 - 17:30 CET<\/h3><\/header><div class='iconbox_content_container  '  itemprop=\"text\"  ><\/div><\/div><footer class=\"entry-footer\"><\/footer><\/article><\/p><\/div><div class=\"flex_column av_one_fifth  flex_column_div av-zero-column-padding   avia-builder-el-9  el_after_av_three_fifth  avia-builder-el-last  column-top-margin\" style='border-radius:0px; '><\/div>\n\n<\/div><\/div><\/main><!-- close content main element --><\/div><\/div><\/div><div id='av_section_2'  class='avia-section main_color avia-section-small avia-no-border-styling  avia-bg-style-scroll  avia-builder-el-10  el_after_av_section  el_before_av_textblock   container_wrap fullsize' style=' '  ><div class='container' ><div class='template-page content  av-content-full alpha units'><div class='post-entry post-entry-type-page post-entry-11910'><div class='entry-content-wrapper clearfix'>\n<div class=\"flex_column av_one_fifth  flex_column_div av-zero-column-padding first  avia-builder-el-11  el_before_av_three_fifth  avia-builder-el-first  \" style='border-radius:0px; '><\/div><div class=\"flex_column av_three_fifth  flex_column_div av-zero-column-padding   avia-builder-el-12  el_after_av_one_fifth  el_before_av_one_fifth  \" style='border-radius:0px; '><section class=\"av_textblock_section \"  itemscope=\"itemscope\" itemtype=\"https:\/\/schema.org\/CreativeWork\" ><div class='avia_textblock  '   itemprop=\"text\" ><p><span style=\"font-weight: 400;\">A terr\u00edvel guerra contra a Ucr\u00e2nia mudou a Europa. Nunca antes a Uni\u00e3o Europeia agiu t\u00e3o unida e resoluta na pol\u00edtica externa e de defesa &#8211; embora muitos argumentem que precisa de fazer ainda mais. Em todo o continente, existe uma vontade crescente de aceitar a responsabilidade conjunta de agir em uni\u00e3o, incluindo militarmente, contra regimes agressivos e autorit\u00e1rios.<\/span><\/p>\n<p><span style=\"font-weight: 400;\">Mas ser\u00e1 que as institui\u00e7\u00f5es da UE est\u00e3o adaptadas para esta nova realidade? Atualmente, dominado pelos Estados-membros, qual deve ser o papel do Parlamento Europeu, da Comiss\u00e3o Europeia e, em \u00faltima an\u00e1lise, dos cidad\u00e3os soberanos, numa Uni\u00e3o Europeia em guerra ou profundamente envolvida numa guerra? \u00c0 medida que o conflito ucraniano se agita &#8211; entre outros em todo o mundo &#8211; que a\u00e7\u00f5es, pol\u00edticas e reformas democr\u00e1ticas seriam necess\u00e1rias para que a UE se tornasse uma verdadeira for\u00e7a para a paz regional, at\u00e9 mesmo global?<\/span><\/p>\n<p><span style=\"font-weight: 400;\">Este <\/span><i><span style=\"font-weight: 400;\">webinar<\/span><\/i><span style=\"font-weight: 400;\"> basear-se-\u00e1 nas recomenda\u00e7\u00f5es apresentadas por 200 cidad\u00e3os como parte da Confer\u00eancia sobre o Futuro da Europa, para explorar como os europeus podem usar esta oportunidade para quebrar &#8211; de forma significativa &#8211; os ciclos hist\u00f3ricos de viol\u00eancia e exclus\u00e3o. Com a Confer\u00eancia a concluir a 9 de Maio, em Estrasburgo, o painel ir\u00e1 tamb\u00e9m explorar se uma futura conven\u00e7\u00e3o constitucional, organizada da forma mais inclusiva e participativa poss\u00edvel, poder\u00e1 constituir uma oportunidade para discutir o papel da UE no mundo de uma forma mais ampla, mais profunda e mais p\u00fablica.<\/span><\/p>\n<p><span style=\"font-weight: 400;\">Um <\/span><i><span style=\"font-weight: 400;\">webinar<\/span><\/i><span style=\"font-weight: 400;\"> p\u00fablico do EUI-STG Democracy Forum, co-organizado com Europe Calling, Mehr Demokratie, Pulse of Europe e Citizens Take Over Europe.<\/span><\/p>\n<p><span style=\"text-decoration: underline;\"><a href=\"https:\/\/eu01web.zoom.us\/webinar\/register\/7616497831191\/WN_FY2ZutE0SjGXAKGOE0wFLg\"><b>Por favor registe-se aqui!<\/b><\/a><\/span><\/p>\n<\/div><\/section><\/div><div class=\"flex_column av_one_fifth  flex_column_div av-zero-column-padding   avia-builder-el-14  el_after_av_three_fifth  avia-builder-el-last  \" style='border-radius:0px; '><\/div><\/div><\/div><\/div><!-- close content main div --><\/div><\/div><div id='after_section_2'  class='main_color av_default_container_wrap container_wrap fullsize' style=' '  ><div class='container' ><div class='template-page content  av-content-full alpha units'><div class='post-entry post-entry-type-page post-entry-11910'><div class='entry-content-wrapper clearfix'><section class=\"av_textblock_section \"  itemscope=\"itemscope\" itemtype=\"https:\/\/schema.org\/CreativeWork\" ><div class='avia_textblock  '   itemprop=\"text\" ><h2 style=\"text-align: center;\"><strong>PARCEIROS<\/strong><\/h2>\n<h3><\/h3>\n<\/div><\/section><\/p>\n<div   data-autoplay='false'  data-interval='5'  data-animation='slide'  class='avia-logo-element-container av-border-deactivate avia-logo-slider avia-content-slider avia-smallarrow-slider avia-content-slider-active noHover avia-content-slider1 avia-content-slider-even  avia-builder-el-16  el_after_av_textblock  avia-builder-el-last  ' ><div class='avia-smallarrow-slider-heading  no-logo-slider-heading '><div class='new-special-heading'>&nbsp;<\/div><\/div><div class='avia-content-slider-inner'><div class='slide-entry-wrap' ><div  class='slide-entry flex_column no_margin post-entry slide-entry-overview slide-loop-1 slide-parity-odd  post-entry-last  av_one_eighth first real-thumbnail'><span class='av-partner-fake-img' style='padding-bottom:100%; background-image:url(https:\/\/2022.transeuropafestival.eu\/wp-content\/uploads\/2022\/02\/Untitled-design11.png);'><\/span><\/div><\/div><\/div><\/div>\n","protected":false},"excerpt":{"rendered":"","protected":false},"author":2,"featured_media":0,"parent":0,"menu_order":0,"comment_status":"closed","ping_status":"closed","template":"","meta":{"footnotes":""},"class_list":["post-11910","page","type-page","status-publish","hentry"],"_links":{"self":[{"href":"https:\/\/2022.transeuropafestival.eu\/pt-pt\/wp-json\/wp\/v2\/pages\/11910","targetHints":{"allow":["GET"]}}],"collection":[{"href":"https:\/\/2022.transeuropafestival.eu\/pt-pt\/wp-json\/wp\/v2\/pages"}],"about":[{"href":"https:\/\/2022.transeuropafestival.eu\/pt-pt\/wp-json\/wp\/v2\/types\/page"}],"author":[{"embeddable":true,"href":"https:\/\/2022.transeuropafestival.eu\/pt-pt\/wp-json\/wp\/v2\/users\/2"}],"replies":[{"embeddable":true,"href":"https:\/\/2022.transeuropafestival.eu\/pt-pt\/wp-json\/wp\/v2\/comments?post=11910"}],"version-history":[{"count":4,"href":"https:\/\/2022.transeuropafestival.eu\/pt-pt\/wp-json\/wp\/v2\/pages\/11910\/revisions"}],"predecessor-version":[{"id":11927,"href":"https:\/\/2022.transeuropafestival.eu\/pt-pt\/wp-json\/wp\/v2\/pages\/11910\/revisions\/11927"}],"wp:attachment":[{"href":"https:\/\/2022.transeuropafestival.eu\/pt-pt\/wp-json\/wp\/v2\/media?parent=11910"}],"curies":[{"name":"wp","href":"https:\/\/api.w.org\/{rel}","templated":true}]}}