{"id":11791,"date":"2022-04-11T08:24:44","date_gmt":"2022-04-11T08:24:44","guid":{"rendered":"https:\/\/2022.transeuropafestival.eu\/?page_id=11791"},"modified":"2022-04-19T14:46:49","modified_gmt":"2022-04-19T14:46:49","slug":"book-fair","status":"publish","type":"page","link":"https:\/\/2022.transeuropafestival.eu\/pt-pt\/book-fair\/","title":{"rendered":"FEIRA DO LIVRO &#8211; LETRAS EM LIBERTADE | 22-23 &#038; 25 Abril | F\u00f3rum Cultural de Ermesinde \/ Universidade do Porto"},"content":{"rendered":"<div id='eventheader'  class='avia-section main_color avia-section-huge avia-no-border-styling  avia-full-stretch av-parallax-section av-section-color-overlay-active avia-bg-style-parallax  avia-builder-el-0  el_before_av_section  avia-builder-el-first   container_wrap fullsize' style=' '  data-section-bg-repeat='stretch'><div class='av-parallax' data-avia-parallax-ratio='0.3' ><div class='av-parallax-inner main_color  avia-full-stretch' style = 'background-repeat: no-repeat; background-image: url(https:\/\/2022.transeuropafestival.eu\/wp-content\/uploads\/2022\/04\/L.png);background-attachment: scroll; background-position: center center; ' ><\/div><\/div><div class='av-section-color-overlay-wrap'><div class='av-section-color-overlay' style='opacity: 0.5; background-color: #35383c; '><\/div><div class='container' ><main  role=\"main\" itemprop=\"mainContentOfPage\"  class='template-page content  av-content-full alpha units'><div class='post-entry post-entry-type-page post-entry-11791'><div class='entry-content-wrapper clearfix'>\n<div class=\"flex_column av_one_fifth  flex_column_div av-zero-column-padding first  avia-builder-el-1  el_before_av_three_fifth  avia-builder-el-first  \" style='border-radius:0px; '><\/div><div class=\"flex_column av_three_fifth  flex_column_div av-zero-column-padding   avia-builder-el-2  el_after_av_one_fifth  el_before_av_one_fifth  \" style='border-radius:0px; '><div  style='padding-bottom:19px; color:#ffffff;font-size:40px;' class='av-special-heading av-special-heading-h1 custom-color-heading blockquote modern-quote modern-centered  avia-builder-el-3  avia-builder-el-no-sibling  av-inherit-size '><h1 class='av-special-heading-tag '  itemprop=\"headline\"  >FEIRA DO LIVRO &#8211; LETRAS EM LIBERTADE<\/h1><div class='special-heading-border'><div class='special-heading-inner-border' style='border-color:#ffffff'><\/div><\/div><\/div><\/div><div class=\"flex_column av_one_fifth  flex_column_div av-zero-column-padding   avia-builder-el-4  el_after_av_three_fifth  el_before_av_one_fifth  \" style='border-radius:0px; '><\/div><div class=\"flex_column av_one_fifth  flex_column_div av-zero-column-padding first  avia-builder-el-5  el_after_av_one_fifth  el_before_av_three_fifth  column-top-margin\" style='border-radius:0px; '><\/div><div class=\"flex_column av_three_fifth  flex_column_div av-zero-column-padding   avia-builder-el-6  el_after_av_one_fifth  el_before_av_one_fifth  column-top-margin\" style='border-radius:0px; '><p><article  class=\"iconbox iconbox_left    avia-builder-el-7  el_before_av_icon_box  avia-builder-el-first  \"  itemscope=\"itemscope\" itemtype=\"https:\/\/schema.org\/CreativeWork\" ><div class=\"iconbox_content\"><header class=\"entry-content-header\"><div class=\"iconbox_icon heading-color\" aria-hidden='true' data-av_icon='\ue842' data-av_iconfont='entypo-fontello'  style='background-color:#000000; color:#ffffff; ' ><\/div><h3 class='iconbox_content_title  '  itemprop=\"headline\"   style='color:#ffffff; '>F\u00f3rum Cultural de Ermesinde \/ Universidade do Porto<\/h3><\/header><div class='iconbox_content_container  '  itemprop=\"text\"  ><\/div><\/div><footer class=\"entry-footer\"><\/footer><\/article><br \/>\n<article  class=\"iconbox iconbox_left    avia-builder-el-8  el_after_av_icon_box  avia-builder-el-last  \"  itemscope=\"itemscope\" itemtype=\"https:\/\/schema.org\/CreativeWork\" ><div class=\"iconbox_content\"><header class=\"entry-content-header\"><div class=\"iconbox_icon heading-color\" aria-hidden='true' data-av_icon='\ue862' data-av_iconfont='entypo-fontello'  style='background-color:#000000; color:#ffffff; ' ><\/div><h3 class='iconbox_content_title  '  itemprop=\"headline\"   style='color:#ffffff; '>22-23 &amp; 25 Abril <\/h3><\/header><div class='iconbox_content_container  '  itemprop=\"text\"  ><\/div><\/div><footer class=\"entry-footer\"><\/footer><\/article><\/p><\/div><div class=\"flex_column av_one_fifth  flex_column_div av-zero-column-padding   avia-builder-el-9  el_after_av_three_fifth  avia-builder-el-last  column-top-margin\" style='border-radius:0px; '><\/div>\n\n<\/div><\/div><\/main><!-- close content main element --><\/div><\/div><\/div><div id='av_section_2'  class='avia-section main_color avia-section-small avia-no-border-styling  avia-bg-style-scroll  avia-builder-el-10  el_after_av_section  el_before_av_textblock   container_wrap fullsize' style=' '  ><div class='container' ><div class='template-page content  av-content-full alpha units'><div class='post-entry post-entry-type-page post-entry-11791'><div class='entry-content-wrapper clearfix'>\n<div class=\"flex_column av_one_fifth  flex_column_div av-zero-column-padding first  avia-builder-el-11  el_before_av_three_fifth  avia-builder-el-first  \" style='border-radius:0px; '><\/div><div class=\"flex_column av_three_fifth  flex_column_div av-zero-column-padding   avia-builder-el-12  el_after_av_one_fifth  el_before_av_one_fifth  \" style='border-radius:0px; '><section class=\"av_textblock_section \"  itemscope=\"itemscope\" itemtype=\"https:\/\/schema.org\/CreativeWork\" ><div class='avia_textblock  '   itemprop=\"text\" ><blockquote>\n<p><span style=\"color: #800080;\"><i><span style=\"font-weight: 400;\">&#8220;Os Manuscritos N\u00e3o Ardem&#8221;, Mikhail Bulg\u00e1kov<\/span><\/i><\/span><\/p>\n<\/blockquote>\n<p><span style=\"font-weight: 400;\">O Forum Demos, em parceria com a C\u00e2mara de Valongo e a Universidade Lus\u00f3fona do Porto, ir\u00e1 realizar uma Feira do Livro \u201cLetras em Liberdade\u201d, no F\u00f3rum Cultural de Ermesinde, no dia 22 e 23 de abril, e na Reitoria da Universidade do Porto, no dia 25 de abril. Esta Feira do Livro, com obras tem\u00e1ticas sobre a democracia, o racismo, o colonialismo e as vozes lus\u00f3fonas, ter\u00e1 curadoria da UNICEPE &#8211; Cooperativa Livreira De Estudantes Do Porto Crl.<\/span><\/p>\n<p><span style=\"font-weight: 400;\">Os livros sempre foram ve\u00edculo de resist\u00eancia, protesto e renova\u00e7\u00e3o ut\u00f3pica da alteridade pol\u00edtica e cultural. Foi assim durante a ditadura em Portugal e na luta pela liberdade nas antigas col\u00f3nias portuguesas. Dois casos not\u00e1veis disso foram as <\/span><i><span style=\"font-weight: 400;\">Novas Cartas Portuguesas<\/span><\/i><span style=\"font-weight: 400;\"> das tr\u00eas Marias em Portugal; e de <\/span><i><span style=\"font-weight: 400;\">Luuanda<\/span><\/i><span style=\"font-weight: 400;\">, de Jos\u00e9 Luandino Vieira, em Angola, ao qual \u00e9 atribu\u00eddo o Grande Pr\u00e9mio da Novel\u00edstica pela Sociedade Portuguesa de Autores \u2013 atribui\u00e7\u00e3o que leva ao ataque e persegui\u00e7\u00e3o do j\u00fari e dos seus membros pela PIDE por \u201ctrai\u00e7\u00e3o \u00e0 p\u00e1tria\u201d, o seu autor cumpria j\u00e1 uma pena de 14 anos no campo de concentra\u00e7\u00e3o do Tarrafal, em Cabo Verde.<\/span><\/p>\n<p><span style=\"font-weight: 400;\">Hoje, as amea\u00e7as que pesam sobre as democracias, o reaparecimento da extrema-direita racista e sexista, o saudosismo do passado colonial nas democracias t\u00eam sido tema de muitos livros. A invas\u00e3o da Ucr\u00e2nia pela R\u00fassia veio demonstrar que as amea\u00e7as autocr\u00e1ticas \u00e0s democracias s\u00e3o tanto internas como externas, e que a luta contra o imperialismo racista e sexista ainda tem muito a fazer.<\/span><\/p>\n<p><span style=\"font-weight: 400;\">Muito significativo em todo este contexto \u00e9 a emerg\u00eancia em Portugal de toda uma comunidade de afrodescendentes com visibilidade e voz pr\u00f3pria que d\u00e3o corpo a este tema, que recusam a narrativa luso-tropicalista do colonialismo portugu\u00eas e que faz parte de um movimento mais vasto de um conjunto de obras sobre a mem\u00f3ria da ditadura e o colonialismo. \u201cLetras em Liberdade\u201d surge da percebida necessidade de criar um espa\u00e7o de di\u00e1logo para essa literatura, autores e pensadores \u2013 <\/span><i><span style=\"font-weight: 400;\">em liberdade<\/span><\/i><span style=\"font-weight: 400;\">.<\/span><\/p>\n<p><b>Organiza\u00e7\u00e3o:\u00a0<\/b><\/p>\n<p><span style=\"font-weight: 400;\">Forum Demos<\/span><\/p>\n<p><b>Parceria:<\/b><\/p>\n<p><span style=\"font-weight: 400;\">Alternativas Europeias<\/span><\/p>\n<p><span style=\"font-weight: 400;\">C\u00e2mara de Valongo<\/span><\/p>\n<p><span style=\"font-weight: 400;\">UNICEPE &#8211; Cooperativa Livreira De Estudantes Do Porto Crl<\/span><\/p>\n<p><span style=\"font-weight: 400;\">Universidade Lus\u00f3fona do Porto<\/span><\/p>\n<p><span style=\"font-weight: 400;\">Universidade do Porto<\/span><\/p>\n<p><img loading=\"lazy\" decoding=\"async\" class=\"wp-image-12217 aligncenter\" src=\"https:\/\/2022.transeuropafestival.eu\/wp-content\/uploads\/2022\/04\/L.png\" alt=\"\" width=\"425\" height=\"601\" srcset=\"https:\/\/2022.transeuropafestival.eu\/wp-content\/uploads\/2022\/04\/L.png 1587w, https:\/\/2022.transeuropafestival.eu\/wp-content\/uploads\/2022\/04\/L-212x300.png 212w, https:\/\/2022.transeuropafestival.eu\/wp-content\/uploads\/2022\/04\/L-728x1030.png 728w, https:\/\/2022.transeuropafestival.eu\/wp-content\/uploads\/2022\/04\/L-768x1086.png 768w, https:\/\/2022.transeuropafestival.eu\/wp-content\/uploads\/2022\/04\/L-1086x1536.png 1086w, https:\/\/2022.transeuropafestival.eu\/wp-content\/uploads\/2022\/04\/L-1448x2048.png 1448w, https:\/\/2022.transeuropafestival.eu\/wp-content\/uploads\/2022\/04\/L-1060x1500.png 1060w, https:\/\/2022.transeuropafestival.eu\/wp-content\/uploads\/2022\/04\/L-498x705.png 498w\" sizes=\"auto, (max-width: 425px) 100vw, 425px\" \/><\/p>\n<\/div><\/section><\/div><div class=\"flex_column av_one_fifth  flex_column_div av-zero-column-padding   avia-builder-el-14  el_after_av_three_fifth  avia-builder-el-last  \" style='border-radius:0px; '><\/div><\/div><\/div><\/div><!-- close content main div --><\/div><\/div><div id='after_section_2'  class='main_color av_default_container_wrap container_wrap fullsize' style=' '  ><div class='container' ><div class='template-page content  av-content-full alpha units'><div class='post-entry post-entry-type-page post-entry-11791'><div class='entry-content-wrapper clearfix'><section class=\"av_textblock_section \"  itemscope=\"itemscope\" itemtype=\"https:\/\/schema.org\/CreativeWork\" ><div class='avia_textblock  '   itemprop=\"text\" ><h2 style=\"text-align: center;\"><strong>PARCEIROS<\/strong><\/h2>\n<h3><\/h3>\n<\/div><\/section><\/p>\n<div   data-autoplay='false'  data-interval='5'  data-animation='slide'  class='avia-logo-element-container av-border-deactivate avia-logo-slider avia-content-slider avia-smallarrow-slider avia-content-slider-active noHover avia-content-slider1 avia-content-slider-even  avia-builder-el-16  el_after_av_textblock  avia-builder-el-last  ' ><div class='avia-smallarrow-slider-heading  no-logo-slider-heading '><div class='new-special-heading'>&nbsp;<\/div><\/div><div class='avia-content-slider-inner'><div class='slide-entry-wrap' ><div  class='slide-entry flex_column no_margin post-entry slide-entry-overview slide-loop-1 slide-parity-odd  post-entry-last  av_one_eighth first real-thumbnail'><span class='av-partner-fake-img' style='padding-bottom:100%; background-image:url(https:\/\/2022.transeuropafestival.eu\/wp-content\/uploads\/2022\/03\/Untitled-design-38-1.png);'><\/span><\/div><\/div><\/div><\/div>\n","protected":false},"excerpt":{"rendered":"","protected":false},"author":2,"featured_media":0,"parent":0,"menu_order":0,"comment_status":"closed","ping_status":"closed","template":"","meta":{"footnotes":""},"class_list":["post-11791","page","type-page","status-publish","hentry"],"_links":{"self":[{"href":"https:\/\/2022.transeuropafestival.eu\/pt-pt\/wp-json\/wp\/v2\/pages\/11791","targetHints":{"allow":["GET"]}}],"collection":[{"href":"https:\/\/2022.transeuropafestival.eu\/pt-pt\/wp-json\/wp\/v2\/pages"}],"about":[{"href":"https:\/\/2022.transeuropafestival.eu\/pt-pt\/wp-json\/wp\/v2\/types\/page"}],"author":[{"embeddable":true,"href":"https:\/\/2022.transeuropafestival.eu\/pt-pt\/wp-json\/wp\/v2\/users\/2"}],"replies":[{"embeddable":true,"href":"https:\/\/2022.transeuropafestival.eu\/pt-pt\/wp-json\/wp\/v2\/comments?post=11791"}],"version-history":[{"count":5,"href":"https:\/\/2022.transeuropafestival.eu\/pt-pt\/wp-json\/wp\/v2\/pages\/11791\/revisions"}],"predecessor-version":[{"id":11800,"href":"https:\/\/2022.transeuropafestival.eu\/pt-pt\/wp-json\/wp\/v2\/pages\/11791\/revisions\/11800"}],"wp:attachment":[{"href":"https:\/\/2022.transeuropafestival.eu\/pt-pt\/wp-json\/wp\/v2\/media?parent=11791"}],"curies":[{"name":"wp","href":"https:\/\/api.w.org\/{rel}","templated":true}]}}