{"id":11372,"date":"2022-03-22T14:09:23","date_gmt":"2022-03-22T14:09:23","guid":{"rendered":"https:\/\/2022.transeuropafestival.eu\/?page_id=11372"},"modified":"2022-04-14T08:11:10","modified_gmt":"2022-04-14T08:11:10","slug":"what-is-left","status":"publish","type":"page","link":"https:\/\/2022.transeuropafestival.eu\/pt-pt\/what-is-left\/","title":{"rendered":"O QUE RESTA"},"content":{"rendered":"<div id='eventheader'  class='avia-section main_color avia-section-huge avia-no-border-styling  avia-full-stretch av-parallax-section av-section-color-overlay-active avia-bg-style-parallax  avia-builder-el-0  el_before_av_section  avia-builder-el-first   container_wrap fullsize' style=' '  data-section-bg-repeat='stretch'><div class='av-parallax' data-avia-parallax-ratio='0.3' ><div class='av-parallax-inner main_color  avia-full-stretch' style = 'background-repeat: no-repeat; background-image: url(https:\/\/2022.transeuropafestival.eu\/wp-content\/uploads\/2022\/03\/3-scaled.jpg);background-attachment: scroll; background-position: center center; ' ><\/div><\/div><div class='av-section-color-overlay-wrap'><div class='av-section-color-overlay' style='opacity: 0.5; background-color: #35383c; '><\/div><div class='container' ><main  role=\"main\" itemprop=\"mainContentOfPage\"  class='template-page content  av-content-full alpha units'><div class='post-entry post-entry-type-page post-entry-11372'><div class='entry-content-wrapper clearfix'>\n<div class=\"flex_column av_one_fifth  flex_column_div av-zero-column-padding first  avia-builder-el-1  el_before_av_three_fifth  avia-builder-el-first  \" style='border-radius:0px; '><\/div><div class=\"flex_column av_three_fifth  flex_column_div av-zero-column-padding   avia-builder-el-2  el_after_av_one_fifth  el_before_av_one_fifth  \" style='border-radius:0px; '><div  style='padding-bottom:19px; color:#ffffff;font-size:40px;' class='av-special-heading av-special-heading-h1 custom-color-heading blockquote modern-quote modern-centered  avia-builder-el-3  avia-builder-el-no-sibling  av-inherit-size '><h1 class='av-special-heading-tag '  itemprop=\"headline\"  >O QUE RESTA | MARIAN LENS X SERENA VITTORINI<\/h1><div class='special-heading-border'><div class='special-heading-inner-border' style='border-color:#ffffff'><\/div><\/div><\/div><\/div><div class=\"flex_column av_one_fifth  flex_column_div av-zero-column-padding   avia-builder-el-4  el_after_av_three_fifth  el_before_av_one_fifth  \" style='border-radius:0px; '><\/div><div class=\"flex_column av_one_fifth  flex_column_div av-zero-column-padding first  avia-builder-el-5  el_after_av_one_fifth  el_before_av_three_fifth  column-top-margin\" style='border-radius:0px; '><\/div><div class=\"flex_column av_three_fifth  flex_column_div av-zero-column-padding   avia-builder-el-6  el_after_av_one_fifth  el_before_av_one_fifth  column-top-margin\" style='border-radius:0px; '><p><article  class=\"iconbox iconbox_left    avia-builder-el-7  el_before_av_icon_box  avia-builder-el-first  \"  itemscope=\"itemscope\" itemtype=\"https:\/\/schema.org\/CreativeWork\" ><div class=\"iconbox_content\"><header class=\"entry-content-header\"><div class=\"iconbox_icon heading-color\" aria-hidden='true' data-av_icon='\ue842' data-av_iconfont='entypo-fontello'  style='background-color:#000000; color:#ffffff; ' ><\/div><h3 class='iconbox_content_title  '  itemprop=\"headline\"   style='color:#ffffff; '>Livraria Aberta<\/h3><\/header><div class='iconbox_content_container  '  itemprop=\"text\"  ><\/div><\/div><footer class=\"entry-footer\"><\/footer><\/article><br \/>\n<article  class=\"iconbox iconbox_left    avia-builder-el-8  el_after_av_icon_box  avia-builder-el-last  \"  itemscope=\"itemscope\" itemtype=\"https:\/\/schema.org\/CreativeWork\" ><div class=\"iconbox_content\"><header class=\"entry-content-header\"><div class=\"iconbox_icon heading-color\" aria-hidden='true' data-av_icon='\ue862' data-av_iconfont='entypo-fontello'  style='background-color:#000000; color:#ffffff; ' ><\/div><h3 class='iconbox_content_title  '  itemprop=\"headline\"   style='color:#ffffff; '>21 - 25 Abril <\/h3><\/header><div class='iconbox_content_container  '  itemprop=\"text\"  ><\/div><\/div><footer class=\"entry-footer\"><\/footer><\/article><\/p><\/div><div class=\"flex_column av_one_fifth  flex_column_div av-zero-column-padding   avia-builder-el-9  el_after_av_three_fifth  avia-builder-el-last  column-top-margin\" style='border-radius:0px; '><\/div>\n\n<\/div><\/div><\/main><!-- close content main element --><\/div><\/div><\/div><div id='av_section_2'  class='avia-section main_color avia-section-small avia-no-border-styling  avia-bg-style-scroll  avia-builder-el-10  el_after_av_section  el_before_av_textblock   container_wrap fullsize' style=' '  ><div class='container' ><div class='template-page content  av-content-full alpha units'><div class='post-entry post-entry-type-page post-entry-11372'><div class='entry-content-wrapper clearfix'>\n<div class=\"flex_column av_one_fifth  flex_column_div av-zero-column-padding first  avia-builder-el-11  el_before_av_three_fifth  avia-builder-el-first  \" style='border-radius:0px; '><\/div><div class=\"flex_column av_three_fifth  flex_column_div av-zero-column-padding   avia-builder-el-12  el_after_av_one_fifth  el_before_av_one_fifth  \" style='border-radius:0px; '><section class=\"av_textblock_section \"  itemscope=\"itemscope\" itemtype=\"https:\/\/schema.org\/CreativeWork\" ><div class='avia_textblock  '   itemprop=\"text\" ><p><span style=\"font-weight: 400;\">Nota Curatorial de WHAT IS LEFT, por Serena Vittorini<\/span><\/p>\n<p><span style=\"font-weight: 400;\">Conheci a Marian Lens ao fazer uma fotorreportagem sobre ela, para destacar a sua vida como ativista l\u00e9sbica na B\u00e9lgica. O que me impressionou imediatamente foi o vasto arquivo que ela criou e acumulou ao longo dos anos. A minha reportagem focou-se neste arquivo extenso \u2013 um foco espec\u00edfico que j\u00e1 usara em projetos anteriores.<\/span><\/p>\n<p><span style=\"font-weight: 400;\">Este arquivo \u00e9 uma recolha significativa de conhecimento e mem\u00f3ria, uma vez que coleta, grava, preserva e transmite objetos hist\u00f3ricos e documentos para o presente e para o futuro. Esta cole\u00e7\u00e3o do passado, estrutura a mem\u00f3ria hist\u00f3rica e previne a perda de material valioso que deve ser transmitido \u00e0s gera\u00e7\u00f5es futuras.<\/span><\/p>\n<p><span style=\"font-weight: 400;\">Al\u00e9m disso, exibi\u00e7\u00f5es art\u00edsticas baseadas em arquivos permitem uma reinterpreta\u00e7\u00e3o do passado com v\u00e1rios n\u00edveis de interpreta\u00e7\u00e3o, quest\u00f5es sobre realidade e fic\u00e7\u00e3o, um contributo para revigorar a liga\u00e7\u00e3o entre a mem\u00f3ria individual e a coletiva. S\u00e3o assim cruciais para entender a identidade de um indiv\u00edduo na sociedade. Nos anos mais recentes, no contexto da pr\u00e1tica art\u00edstica, os arquivos tornaram-se uma plataforma frut\u00edfera para estimular a produ\u00e7\u00e3o de arte contempor\u00e2nea e pesquisa te\u00f3rica. Arquivos est\u00e3o a ser descobertos e digitalizados a um ritmo mais r\u00e1pido do que nunca .<\/span><\/p>\n<p><span style=\"font-weight: 400;\">Novas maneiras de apresentar as intera\u00e7\u00f5es do arquivo est\u00e3o a ser desenvolvidas constantemente, permitindo o entendimento de multim\u00e9dia importante e instala\u00e7\u00f5es de arte multidisciplinares. Al\u00e9m disso, quantos mais artistas e investigadores trabalharem neste campo, mais entenderemos que h\u00e1 uma enorme quantidade de objetos e imagens j\u00e1 produzidas \u00e0 espera de serem redescobertas e reinterpretadas. \u00c9 por isso que decidimos criar esta instala\u00e7\u00e3o na Livraria Aberta do Porto, composta por uma sele\u00e7\u00e3o de documentos hist\u00f3ricos que a Marian Lens guardou durante a sua vida como ativista l\u00e9sbica e os seus pensamentos em formato escrito.<\/span><\/p>\n<p><span style=\"font-weight: 400;\">Iremos formalizar este material no espa\u00e7o da livraria atrav\u00e9s de um mapa mental que associar\u00e1 os documentos hist\u00f3ricos com a experi\u00eancia do indiv\u00edduo, criando um paralelismo importante, que visa examinar as conex\u00f5es entre a mem\u00f3ria coletiva e a individual.<\/span><\/p>\n<\/div><\/section><\/div><div class=\"flex_column av_one_fifth  flex_column_div av-zero-column-padding   avia-builder-el-14  el_after_av_three_fifth  avia-builder-el-last  \" style='border-radius:0px; '><\/div><\/div><\/div><\/div><!-- close content main div --><\/div><\/div><div id='after_section_2'  class='main_color av_default_container_wrap container_wrap fullsize' style=' '  ><div class='container' ><div class='template-page content  av-content-full alpha units'><div class='post-entry post-entry-type-page post-entry-11372'><div class='entry-content-wrapper clearfix'><section class=\"av_textblock_section \"  itemscope=\"itemscope\" itemtype=\"https:\/\/schema.org\/CreativeWork\" ><div class='avia_textblock  '   itemprop=\"text\" ><h2 style=\"text-align: center;\"><strong>PARCEIROS<\/strong><\/h2>\n<h3><\/h3>\n<\/div><\/section><\/p>\n<div   data-autoplay='false'  data-interval='5'  data-animation='slide'  class='avia-logo-element-container av-border-deactivate avia-logo-slider avia-content-slider avia-smallarrow-slider avia-content-slider-active noHover avia-content-slider1 avia-content-slider-even  avia-builder-el-16  el_after_av_textblock  avia-builder-el-last  ' ><div class='avia-smallarrow-slider-heading  no-logo-slider-heading '><div class='new-special-heading'>&nbsp;<\/div><\/div><div class='avia-content-slider-inner'><div class='slide-entry-wrap' ><div  class='slide-entry flex_column no_margin post-entry slide-entry-overview slide-loop-1 slide-parity-odd  post-entry-last  av_one_eighth first real-thumbnail'><span class='av-partner-fake-img' style='padding-bottom:100%; background-image:url(https:\/\/2022.transeuropafestival.eu\/wp-content\/uploads\/2022\/03\/Untitled-design-30.png);'><\/span><\/div><\/div><\/div><\/div>\n","protected":false},"excerpt":{"rendered":"","protected":false},"author":2,"featured_media":0,"parent":0,"menu_order":0,"comment_status":"closed","ping_status":"closed","template":"","meta":{"footnotes":""},"class_list":["post-11372","page","type-page","status-publish","hentry"],"_links":{"self":[{"href":"https:\/\/2022.transeuropafestival.eu\/pt-pt\/wp-json\/wp\/v2\/pages\/11372","targetHints":{"allow":["GET"]}}],"collection":[{"href":"https:\/\/2022.transeuropafestival.eu\/pt-pt\/wp-json\/wp\/v2\/pages"}],"about":[{"href":"https:\/\/2022.transeuropafestival.eu\/pt-pt\/wp-json\/wp\/v2\/types\/page"}],"author":[{"embeddable":true,"href":"https:\/\/2022.transeuropafestival.eu\/pt-pt\/wp-json\/wp\/v2\/users\/2"}],"replies":[{"embeddable":true,"href":"https:\/\/2022.transeuropafestival.eu\/pt-pt\/wp-json\/wp\/v2\/comments?post=11372"}],"version-history":[{"count":5,"href":"https:\/\/2022.transeuropafestival.eu\/pt-pt\/wp-json\/wp\/v2\/pages\/11372\/revisions"}],"predecessor-version":[{"id":11420,"href":"https:\/\/2022.transeuropafestival.eu\/pt-pt\/wp-json\/wp\/v2\/pages\/11372\/revisions\/11420"}],"wp:attachment":[{"href":"https:\/\/2022.transeuropafestival.eu\/pt-pt\/wp-json\/wp\/v2\/media?parent=11372"}],"curies":[{"name":"wp","href":"https:\/\/api.w.org\/{rel}","templated":true}]}}