{"id":11222,"date":"2022-03-22T13:39:06","date_gmt":"2022-03-22T13:39:06","guid":{"rendered":"https:\/\/2022.transeuropafestival.eu\/?page_id=11222"},"modified":"2022-04-19T14:35:28","modified_gmt":"2022-04-19T14:35:28","slug":"room-to-bloom","status":"publish","type":"page","link":"https:\/\/2022.transeuropafestival.eu\/pt-pt\/room-to-bloom\/","title":{"rendered":"ROOM TO BLOOM EXHIBITION |  NATALIA LUDMILA &#038; MASHA WYSOCKA"},"content":{"rendered":"<div id='eventheader'  class='avia-section main_color avia-section-huge avia-no-border-styling  avia-full-stretch av-parallax-section av-section-color-overlay-active avia-bg-style-parallax  avia-builder-el-0  el_before_av_section  avia-builder-el-first   container_wrap fullsize' style=' '  data-section-bg-repeat='stretch'><div class='av-parallax' data-avia-parallax-ratio='0.3' ><div class='av-parallax-inner main_color  avia-full-stretch' style = 'background-repeat: no-repeat; background-image: url(https:\/\/2022.transeuropafestival.eu\/wp-content\/uploads\/2022\/03\/Transeuropa_Jardin-de-naturalizacion_Masha-Wysocka_2-1.jpg);background-attachment: scroll; background-position: center center; ' ><\/div><\/div><div class='av-section-color-overlay-wrap'><div class='av-section-color-overlay' style='opacity: 0.5; background-color: #35383c; '><\/div><div class='container' ><main  role=\"main\" itemprop=\"mainContentOfPage\"  class='template-page content  av-content-full alpha units'><div class='post-entry post-entry-type-page post-entry-11222'><div class='entry-content-wrapper clearfix'>\n<div class=\"flex_column av_one_fifth  flex_column_div av-zero-column-padding first  avia-builder-el-1  el_before_av_three_fifth  avia-builder-el-first  \" style='border-radius:0px; '><\/div><div class=\"flex_column av_three_fifth  flex_column_div av-zero-column-padding   avia-builder-el-2  el_after_av_one_fifth  el_before_av_one_fifth  \" style='border-radius:0px; '><div  style='padding-bottom:19px; color:#ffffff;font-size:40px;' class='av-special-heading av-special-heading-h1 custom-color-heading blockquote modern-quote modern-centered  avia-builder-el-3  avia-builder-el-no-sibling  av-inherit-size '><h1 class='av-special-heading-tag '  itemprop=\"headline\"  >ROOM TO BLOOM EXHIBITION | NATALIA LUDMILA <span class='special_amp'>&amp;<\/span> MASHA WYSOCKA<\/h1><div class='special-heading-border'><div class='special-heading-inner-border' style='border-color:#ffffff'><\/div><\/div><\/div><\/div><div class=\"flex_column av_one_fifth  flex_column_div av-zero-column-padding   avia-builder-el-4  el_after_av_three_fifth  el_before_av_one_fifth  \" style='border-radius:0px; '><\/div><div class=\"flex_column av_one_fifth  flex_column_div av-zero-column-padding first  avia-builder-el-5  el_after_av_one_fifth  el_before_av_three_fifth  column-top-margin\" style='border-radius:0px; '><\/div><div class=\"flex_column av_three_fifth  flex_column_div av-zero-column-padding   avia-builder-el-6  el_after_av_one_fifth  el_before_av_one_fifth  column-top-margin\" style='border-radius:0px; '><p><article  class=\"iconbox iconbox_left    avia-builder-el-7  el_before_av_icon_box  avia-builder-el-first  \"  itemscope=\"itemscope\" itemtype=\"https:\/\/schema.org\/CreativeWork\" ><div class=\"iconbox_content\"><header class=\"entry-content-header\"><div class=\"iconbox_icon heading-color\" aria-hidden='true' data-av_icon='\ue842' data-av_iconfont='entypo-fontello'  style='background-color:#000000; color:#ffffff; ' ><\/div><h3 class='iconbox_content_title  '  itemprop=\"headline\"   style='color:#ffffff; '>Cooperativa \u00c1rvore<\/h3><\/header><div class='iconbox_content_container  '  itemprop=\"text\"  ><\/div><\/div><footer class=\"entry-footer\"><\/footer><\/article><br \/>\n<article  class=\"iconbox iconbox_left    avia-builder-el-8  el_after_av_icon_box  avia-builder-el-last  \"  itemscope=\"itemscope\" itemtype=\"https:\/\/schema.org\/CreativeWork\" ><div class=\"iconbox_content\"><header class=\"entry-content-header\"><div class=\"iconbox_icon heading-color\" aria-hidden='true' data-av_icon='\ue862' data-av_iconfont='entypo-fontello'  style='background-color:#000000; color:#ffffff; ' ><\/div><h3 class='iconbox_content_title  '  itemprop=\"headline\"   style='color:#ffffff; '>21 - 25 Abril <\/h3><\/header><div class='iconbox_content_container  '  itemprop=\"text\"  ><\/div><\/div><footer class=\"entry-footer\"><\/footer><\/article><\/p><\/div><div class=\"flex_column av_one_fifth  flex_column_div av-zero-column-padding   avia-builder-el-9  el_after_av_three_fifth  avia-builder-el-last  column-top-margin\" style='border-radius:0px; '><\/div>\n\n<\/div><\/div><\/main><!-- close content main element --><\/div><\/div><\/div><div id='av_section_2'  class='avia-section main_color avia-section-small avia-no-border-styling  avia-bg-style-scroll  avia-builder-el-10  el_after_av_section  el_before_av_textblock   container_wrap fullsize' style=' '  ><div class='container' ><div class='template-page content  av-content-full alpha units'><div class='post-entry post-entry-type-page post-entry-11222'><div class='entry-content-wrapper clearfix'>\n<div class=\"flex_column av_one_fifth  flex_column_div av-zero-column-padding first  avia-builder-el-11  el_before_av_three_fifth  avia-builder-el-first  \" style='border-radius:0px; '><\/div><div class=\"flex_column av_three_fifth  flex_column_div av-zero-column-padding   avia-builder-el-12  el_after_av_one_fifth  el_before_av_one_fifth  \" style='border-radius:0px; '><section class=\"av_textblock_section \"  itemscope=\"itemscope\" itemtype=\"https:\/\/schema.org\/CreativeWork\" ><div class='avia_textblock  '   itemprop=\"text\" ><p><span style=\"font-weight: 400;\">Com a exposi\u00e7\u00e3o da plataforma <a href=\"https:\/\/www.roomtobloom.eu\/\"><span style=\"text-decoration: underline;\">Room to Bloom<\/span><\/a> organizada no contexto do Transeuropa Festival no Porto, queremos mostrar a perspetiva de artistas para transmitir a necessidade de mudar as regras do poder e favorecer a comunh\u00e3o dentro das institui\u00e7\u00f5es do mundo da arte e cocriar novas pr\u00e1ticas que subvertam o patriarcalismo e o racismo, oferecendo vis\u00f5es desafiantes para a multiplicidade e a coexist\u00eancia. Juntos, queremos transmitir a mensagem que resiste a um sistema de dom\u00ednio e explora\u00e7\u00e3o e substitu\u00ed-lo por a\u00e7\u00f5es e narrativas de cuidado e afeto, concentrando-nos no recentramento da narrativa para as margens e restaurando a sa\u00fade da natureza neste planeta, dando prioridade ao cuidado com &#8220;os outros&#8221;.<\/span><\/p>\n<p><span style=\"font-weight: 400;\">Na sua viagem, a Room to Bloom quer aplicar as verdadeiras li\u00e7\u00f5es dos diferentes feminismos, proporcionando uma rede de apoio eficiente aos seus artistas, enquanto desconstr\u00f3i o olhar ocidental e estando plenamente consciente das muitas complexidades trazidas pela interseccionalidade. Procuramos uma vis\u00e3o de uma Europa que tenha completamente em conta a sua diversidade em termos de ra\u00e7a, etnia, geografia, sexualidade, classe, capacidades e educa\u00e7\u00e3o. Tornou-se inevit\u00e1vel estabelecer um quadro para compreender as diferentes din\u00e2micas e dom\u00ednios de poder e proporcionar novas ferramentas e narrativas para resistir \u00e0s mesmas e convidar novos caminhos. A Room to Bloom quer continuar a abrir estes espa\u00e7os para que uma mudan\u00e7a plural, feminista e coletiva aconte\u00e7a.<\/span><\/p>\n<p><em>Into Territory<\/em> por <span style=\"text-decoration: underline;\"><a href=\"http:\/\/www.natalialudmila.net\/\">Natalia Ludmila<\/a><\/span><\/p>\n<p><em>Jard\u00edn de Naturalizaci\u00f3n (The Garden of Naturalisation)<\/em> por <a href=\"https:\/\/mashawysocka.eu\/\"><span style=\"text-decoration: underline;\">Masha Wysocka<\/span><\/a><\/p>\n<hr \/>\n<p>Hor\u00e1rio de abertura da Cooperativa \u00c1rvore<\/p>\n<p>Quinta-feira: 10h00 &#8211; 13h &amp; 14h00 &#8211; 18h30 (no dia 21 de Abril estaremos abertos at\u00e9 \u00e0s 21h00)<br \/>\nSexta-feira: 10h00 &#8211; 13h &amp; 14h00 &#8211; 18h30<br \/>\nS\u00e1bado: 14h00 &#8211; 19h00<br \/>\nDomingo: Fechado<br \/>\nSegunda-feira: 14h00 &#8211; 19h00<\/p>\n<\/div><\/section><\/div><div class=\"flex_column av_one_fifth  flex_column_div av-zero-column-padding   avia-builder-el-14  el_after_av_three_fifth  avia-builder-el-last  \" style='border-radius:0px; '><\/div><\/div><\/div><\/div><!-- close content main div --><\/div><\/div><div id='after_section_2'  class='main_color av_default_container_wrap container_wrap fullsize' style=' '  ><div class='container' ><div class='template-page content  av-content-full alpha units'><div class='post-entry post-entry-type-page post-entry-11222'><div class='entry-content-wrapper clearfix'><section class=\"av_textblock_section \"  itemscope=\"itemscope\" itemtype=\"https:\/\/schema.org\/CreativeWork\" ><div class='avia_textblock  '   itemprop=\"text\" ><h2 style=\"text-align: center;\"><strong>PARCEIROS<\/strong><\/h2>\n<h3><\/h3>\n<\/div><\/section><\/p>\n<div   data-autoplay='false'  data-interval='5'  data-animation='slide'  class='avia-logo-element-container av-border-deactivate avia-logo-slider avia-content-slider avia-smallarrow-slider avia-content-slider-active noHover avia-content-slider1 avia-content-slider-even  avia-builder-el-16  el_after_av_textblock  avia-builder-el-last  ' ><div class='avia-smallarrow-slider-heading  no-logo-slider-heading '><div class='new-special-heading'>&nbsp;<\/div><\/div><div class='avia-content-slider-inner'><div class='slide-entry-wrap' ><div  class='slide-entry flex_column no_margin post-entry slide-entry-overview slide-loop-1 slide-parity-odd  av_one_eighth first real-thumbnail'><span class='av-partner-fake-img' style='padding-bottom:100%; background-image:url(https:\/\/2022.transeuropafestival.eu\/wp-content\/uploads\/2022\/03\/Untitled-design-37.png);'><\/span><\/div><div  class='slide-entry flex_column no_margin post-entry slide-entry-overview slide-loop-2 slide-parity-even  post-entry-last  av_one_eighth  real-thumbnail'><span class='av-partner-fake-img' style='padding-bottom:100%; background-image:url(https:\/\/2022.transeuropafestival.eu\/wp-content\/uploads\/2022\/01\/Untitled-design7.png);'><\/span><\/div><\/div><\/div><\/div>\n","protected":false},"excerpt":{"rendered":"","protected":false},"author":2,"featured_media":0,"parent":0,"menu_order":0,"comment_status":"closed","ping_status":"closed","template":"","meta":{"footnotes":""},"class_list":["post-11222","page","type-page","status-publish","hentry"],"_links":{"self":[{"href":"https:\/\/2022.transeuropafestival.eu\/pt-pt\/wp-json\/wp\/v2\/pages\/11222","targetHints":{"allow":["GET"]}}],"collection":[{"href":"https:\/\/2022.transeuropafestival.eu\/pt-pt\/wp-json\/wp\/v2\/pages"}],"about":[{"href":"https:\/\/2022.transeuropafestival.eu\/pt-pt\/wp-json\/wp\/v2\/types\/page"}],"author":[{"embeddable":true,"href":"https:\/\/2022.transeuropafestival.eu\/pt-pt\/wp-json\/wp\/v2\/users\/2"}],"replies":[{"embeddable":true,"href":"https:\/\/2022.transeuropafestival.eu\/pt-pt\/wp-json\/wp\/v2\/comments?post=11222"}],"version-history":[{"count":6,"href":"https:\/\/2022.transeuropafestival.eu\/pt-pt\/wp-json\/wp\/v2\/pages\/11222\/revisions"}],"predecessor-version":[{"id":11363,"href":"https:\/\/2022.transeuropafestival.eu\/pt-pt\/wp-json\/wp\/v2\/pages\/11222\/revisions\/11363"}],"wp:attachment":[{"href":"https:\/\/2022.transeuropafestival.eu\/pt-pt\/wp-json\/wp\/v2\/media?parent=11222"}],"curies":[{"name":"wp","href":"https:\/\/api.w.org\/{rel}","templated":true}]}}