{"id":11202,"date":"2022-03-21T16:16:24","date_gmt":"2022-03-21T16:16:24","guid":{"rendered":"https:\/\/2022.transeuropafestival.eu\/?page_id=11202"},"modified":"2022-03-21T16:16:31","modified_gmt":"2022-03-21T16:16:31","slug":"lecture","status":"publish","type":"page","link":"https:\/\/2022.transeuropafestival.eu\/pt-pt\/lecture\/","title":{"rendered":"\u201cSHEVEK IYAPO\u201d &#8211; PERFORMANCE-PALESTRA MUSICAL POR MEMBROS DA ACADEMY OF MIGRANT ORGANIZING"},"content":{"rendered":"<div id='eventheader'  class='avia-section main_color avia-section-huge avia-no-border-styling  avia-full-stretch av-parallax-section av-section-color-overlay-active avia-bg-style-parallax  avia-builder-el-0  el_before_av_section  avia-builder-el-first   container_wrap fullsize' style=' '  data-section-bg-repeat='stretch'><div class='av-parallax' data-avia-parallax-ratio='0.3' ><div class='av-parallax-inner main_color  avia-full-stretch' style = 'background-repeat: no-repeat; background-image: url(https:\/\/2022.transeuropafestival.eu\/wp-content\/uploads\/2022\/03\/Foto-Vince-Alt-Flo\u0308te.jpg);background-attachment: scroll; background-position: center center; ' ><\/div><\/div><div class='av-section-color-overlay-wrap'><div class='av-section-color-overlay' style='opacity: 0.5; background-color: #35383c; '><\/div><div class='container' ><main  role=\"main\" itemprop=\"mainContentOfPage\"  class='template-page content  av-content-full alpha units'><div class='post-entry post-entry-type-page post-entry-11202'><div class='entry-content-wrapper clearfix'>\n<div class=\"flex_column av_one_fifth  flex_column_div av-zero-column-padding first  avia-builder-el-1  el_before_av_three_fifth  avia-builder-el-first  \" style='border-radius:0px; '><\/div><div class=\"flex_column av_three_fifth  flex_column_div av-zero-column-padding   avia-builder-el-2  el_after_av_one_fifth  el_before_av_one_fifth  \" style='border-radius:0px; '><div  style='padding-bottom:19px; color:#ffffff;font-size:40px;' class='av-special-heading av-special-heading-h1 custom-color-heading blockquote modern-quote modern-centered  avia-builder-el-3  avia-builder-el-no-sibling  av-inherit-size '><h1 class='av-special-heading-tag '  itemprop=\"headline\"  ><span class='special_amp'>\u201c<\/span>SHEVEK IYAPO<span class='special_amp'>\u201d<\/span> &#8211; PERFORMANCE-PALESTRA MUSICAL POR MEMBROS DA ACADEMY OF MIGRANT ORGANIZING<\/h1><div class='special-heading-border'><div class='special-heading-inner-border' style='border-color:#ffffff'><\/div><\/div><\/div><\/div><div class=\"flex_column av_one_fifth  flex_column_div av-zero-column-padding   avia-builder-el-4  el_after_av_three_fifth  el_before_av_one_fifth  \" style='border-radius:0px; '><\/div><div class=\"flex_column av_one_fifth  flex_column_div av-zero-column-padding first  avia-builder-el-5  el_after_av_one_fifth  el_before_av_three_fifth  column-top-margin\" style='border-radius:0px; '><\/div><div class=\"flex_column av_three_fifth  flex_column_div av-zero-column-padding   avia-builder-el-6  el_after_av_one_fifth  el_before_av_one_fifth  column-top-margin\" style='border-radius:0px; '><p><article  class=\"iconbox iconbox_left    avia-builder-el-7  el_before_av_icon_box  avia-builder-el-first  \"  itemscope=\"itemscope\" itemtype=\"https:\/\/schema.org\/CreativeWork\" ><div class=\"iconbox_content\"><header class=\"entry-content-header\"><div class=\"iconbox_icon heading-color\" aria-hidden='true' data-av_icon='\ue842' data-av_iconfont='entypo-fontello'  style='background-color:#000000; color:#ffffff; ' ><\/div><h3 class='iconbox_content_title  '  itemprop=\"headline\"   style='color:#ffffff; '>Valongo \/ Ermesinde Cultural Forum<\/h3><\/header><div class='iconbox_content_container  '  itemprop=\"text\"  ><\/div><\/div><footer class=\"entry-footer\"><\/footer><\/article><br \/>\n<article  class=\"iconbox iconbox_left    avia-builder-el-8  el_after_av_icon_box  avia-builder-el-last  \"  itemscope=\"itemscope\" itemtype=\"https:\/\/schema.org\/CreativeWork\" ><div class=\"iconbox_content\"><header class=\"entry-content-header\"><div class=\"iconbox_icon heading-color\" aria-hidden='true' data-av_icon='\ue862' data-av_iconfont='entypo-fontello'  style='background-color:#000000; color:#ffffff; ' ><\/div><h3 class='iconbox_content_title  '  itemprop=\"headline\"   style='color:#ffffff; '>23 Abril - 14.30h <\/h3><\/header><div class='iconbox_content_container  '  itemprop=\"text\"  ><\/div><\/div><footer class=\"entry-footer\"><\/footer><\/article><\/p><\/div><div class=\"flex_column av_one_fifth  flex_column_div av-zero-column-padding   avia-builder-el-9  el_after_av_three_fifth  avia-builder-el-last  column-top-margin\" style='border-radius:0px; '><\/div><\/div><\/div><\/main><!-- close content main element --><\/div><\/div><\/div><div id='av_section_2'  class='avia-section main_color avia-section-small avia-no-border-styling  avia-bg-style-scroll  avia-builder-el-10  el_after_av_section  el_before_av_textblock   container_wrap fullsize' style=' '  ><div class='container' ><div class='template-page content  av-content-full alpha units'><div class='post-entry post-entry-type-page post-entry-11202'><div class='entry-content-wrapper clearfix'>\n<div class=\"flex_column av_one_fifth  flex_column_div av-zero-column-padding first  avia-builder-el-11  el_before_av_three_fifth  avia-builder-el-first  \" style='border-radius:0px; '><\/div><div class=\"flex_column av_three_fifth  flex_column_div av-zero-column-padding   avia-builder-el-12  el_after_av_one_fifth  el_before_av_one_fifth  \" style='border-radius:0px; '><section class=\"av_textblock_section \"  itemscope=\"itemscope\" itemtype=\"https:\/\/schema.org\/CreativeWork\" ><div class='avia_textblock  '   itemprop=\"text\" ><p><span style=\"font-weight: 400;\">Dois membros da <\/span><i><span style=\"font-weight: 400;\">Academy of Migrant Organizing<\/span><\/i><span style=\"font-weight: 400;\">, Berena Yogarajah e Vincent Bababoutilabo, juntamente com Vanessa A. Opoku, ir\u00e3o apresentar uma performance-palestra musical que reflete sobre duas perspetivas diferentes sobre a vida em Almanya (palavra turca para \u201cAlemanha\u201d).\u00a0<\/span><\/p>\n<p><span style=\"font-weight: 400;\">Berena Yogarajah alcan\u00e7ou um marco na luta contra o racismo social e institucional com a iniciativa Tatort Porz e est\u00e1 particularmente interessada em pol\u00edticas de identidade, solidariedade e utopias. A sua perspetiva junta-se \u00e0 m\u00fasica de uma banda centrada no m\u00fasico Vincent Bababoutilabo e ao trabalho visual criado por Vanessa A. Opoku. Esta banda traz a m\u00fasica cl\u00e1ssica ac\u00fastica afro-americana dos anos 60 para a era moderna, combinando-a com elementos pop e soukous e a sua pr\u00f3pria compreens\u00e3o pol\u00edtica e musical em rela\u00e7\u00e3o aos desafios sociais e pol\u00edticos do presente. Esta apresenta\u00e7\u00e3o musical dar\u00e1 uma vis\u00e3o art\u00edstica do processo e das conclus\u00f5es em que Berena e Vincent t\u00eam participado na <\/span><i><span style=\"font-weight: 400;\">Academy of Migrant Organizing<\/span><\/i><span style=\"font-weight: 400;\">.<\/span><\/p>\n<\/div><\/section><\/div><div class=\"flex_column av_one_fifth  flex_column_div av-zero-column-padding   avia-builder-el-14  el_after_av_three_fifth  avia-builder-el-last  \" style='border-radius:0px; '><\/div>\n<\/div><\/div><\/div><!-- close content main div --><\/div><\/div><div id='after_section_2'  class='main_color av_default_container_wrap container_wrap fullsize' style=' '  ><div class='container' ><div class='template-page content  av-content-full alpha units'><div class='post-entry post-entry-type-page post-entry-11202'><div class='entry-content-wrapper clearfix'><\/p>\n<section class=\"av_textblock_section \"  itemscope=\"itemscope\" itemtype=\"https:\/\/schema.org\/CreativeWork\" ><div class='avia_textblock  '   itemprop=\"text\" ><h2 style=\"text-align: center;\"><strong>PARCEIROS<\/strong><\/h2>\n<h3><\/h3>\n<\/div><\/section>\n<div   data-autoplay='false'  data-interval='5'  data-animation='slide'  class='avia-logo-element-container av-border-deactivate avia-logo-slider avia-content-slider avia-smallarrow-slider avia-content-slider-active noHover avia-content-slider1 avia-content-slider-even  avia-builder-el-16  el_after_av_textblock  avia-builder-el-last  ' ><div class='avia-smallarrow-slider-heading  no-logo-slider-heading '><div class='new-special-heading'>&nbsp;<\/div><\/div><div class='avia-content-slider-inner'><div class='slide-entry-wrap' ><div  class='slide-entry flex_column no_margin post-entry slide-entry-overview slide-loop-1 slide-parity-odd  av_one_eighth first real-thumbnail'><span class='av-partner-fake-img' style='padding-bottom:100%; background-image:url(https:\/\/2022.transeuropafestival.eu\/wp-content\/uploads\/2022\/03\/Untitled-design-38-1.png);'><\/span><\/div><div  class='slide-entry flex_column no_margin post-entry slide-entry-overview slide-loop-2 slide-parity-even  post-entry-last  av_one_eighth  real-thumbnail'><span class='av-partner-fake-img' style='padding-bottom:100%; background-image:url(https:\/\/2022.transeuropafestival.eu\/wp-content\/uploads\/2022\/03\/Untitled-design-40.png);'><\/span><\/div><\/div><\/div><\/div>\n","protected":false},"excerpt":{"rendered":"","protected":false},"author":2,"featured_media":0,"parent":0,"menu_order":0,"comment_status":"closed","ping_status":"closed","template":"","meta":{"footnotes":""},"class_list":["post-11202","page","type-page","status-publish","hentry"],"_links":{"self":[{"href":"https:\/\/2022.transeuropafestival.eu\/pt-pt\/wp-json\/wp\/v2\/pages\/11202","targetHints":{"allow":["GET"]}}],"collection":[{"href":"https:\/\/2022.transeuropafestival.eu\/pt-pt\/wp-json\/wp\/v2\/pages"}],"about":[{"href":"https:\/\/2022.transeuropafestival.eu\/pt-pt\/wp-json\/wp\/v2\/types\/page"}],"author":[{"embeddable":true,"href":"https:\/\/2022.transeuropafestival.eu\/pt-pt\/wp-json\/wp\/v2\/users\/2"}],"replies":[{"embeddable":true,"href":"https:\/\/2022.transeuropafestival.eu\/pt-pt\/wp-json\/wp\/v2\/comments?post=11202"}],"version-history":[{"count":4,"href":"https:\/\/2022.transeuropafestival.eu\/pt-pt\/wp-json\/wp\/v2\/pages\/11202\/revisions"}],"predecessor-version":[{"id":11280,"href":"https:\/\/2022.transeuropafestival.eu\/pt-pt\/wp-json\/wp\/v2\/pages\/11202\/revisions\/11280"}],"wp:attachment":[{"href":"https:\/\/2022.transeuropafestival.eu\/pt-pt\/wp-json\/wp\/v2\/media?parent=11202"}],"curies":[{"name":"wp","href":"https:\/\/api.w.org\/{rel}","templated":true}]}}