{"id":10791,"date":"2022-03-07T14:47:29","date_gmt":"2022-03-07T14:47:29","guid":{"rendered":"https:\/\/2022.transeuropafestival.eu\/?page_id=10791"},"modified":"2022-03-23T08:57:50","modified_gmt":"2022-03-23T08:57:50","slug":"transnational-assembly","status":"publish","type":"page","link":"https:\/\/2022.transeuropafestival.eu\/pt-pt\/transnational-assembly\/","title":{"rendered":"ASSEMBLEIA TRANSNACIONAL SOBRE JUSTI\u00c7A ECO SOCIAL"},"content":{"rendered":"<div id='eventheader'  class='avia-section main_color avia-section-huge avia-no-border-styling  avia-full-stretch av-parallax-section av-section-color-overlay-active avia-bg-style-parallax  avia-builder-el-0  el_before_av_section  avia-builder-el-first   container_wrap fullsize' style=' '  data-section-bg-repeat='stretch'><div class='av-parallax' data-avia-parallax-ratio='0.3' ><div class='av-parallax-inner main_color  avia-full-stretch' style = 'background-repeat: no-repeat; background-image: url(https:\/\/2022.transeuropafestival.eu\/wp-content\/uploads\/2022\/03\/transnational-assembly-scaled.jpg);background-attachment: scroll; background-position: center center; ' ><\/div><\/div><div class='av-section-color-overlay-wrap'><div class='av-section-color-overlay' style='opacity: 0.5; background-color: #35383c; '><\/div><div class='container' ><main  role=\"main\" itemprop=\"mainContentOfPage\"  class='template-page content  av-content-full alpha units'><div class='post-entry post-entry-type-page post-entry-10791'><div class='entry-content-wrapper clearfix'>\n<div class=\"flex_column av_one_fifth  flex_column_div av-zero-column-padding first  avia-builder-el-1  el_before_av_three_fifth  avia-builder-el-first  \" style='border-radius:0px; '><\/div><div class=\"flex_column av_three_fifth  flex_column_div av-zero-column-padding   avia-builder-el-2  el_after_av_one_fifth  el_before_av_one_fifth  \" style='border-radius:0px; '><div  style='padding-bottom:19px; color:#ffffff;font-size:40px;' class='av-special-heading av-special-heading-h1 custom-color-heading blockquote modern-quote modern-centered  avia-builder-el-3  avia-builder-el-no-sibling  av-inherit-size '><h1 class='av-special-heading-tag '  itemprop=\"headline\"  >ASSEMBLEIA TRANSNACIONAL SOBRE JUSTI\u00c7A ECO SOCIAL<\/h1><div class='special-heading-border'><div class='special-heading-inner-border' style='border-color:#ffffff'><\/div><\/div><\/div><\/div><div class=\"flex_column av_one_fifth  flex_column_div av-zero-column-padding   avia-builder-el-4  el_after_av_three_fifth  el_before_av_one_fifth  \" style='border-radius:0px; '><\/div><div class=\"flex_column av_one_fifth  flex_column_div av-zero-column-padding first  avia-builder-el-5  el_after_av_one_fifth  el_before_av_three_fifth  column-top-margin\" style='border-radius:0px; '><\/div><div class=\"flex_column av_three_fifth  flex_column_div av-zero-column-padding   avia-builder-el-6  el_after_av_one_fifth  el_before_av_one_fifth  column-top-margin\" style='border-radius:0px; '><p><article  class=\"iconbox iconbox_left    avia-builder-el-7  el_before_av_icon_box  avia-builder-el-first  \"  itemscope=\"itemscope\" itemtype=\"https:\/\/schema.org\/CreativeWork\" ><div class=\"iconbox_content\"><header class=\"entry-content-header\"><div class=\"iconbox_icon heading-color\" aria-hidden='true' data-av_icon='\ue842' data-av_iconfont='entypo-fontello'  style='background-color:#000000; color:#ffffff; ' ><\/div><h3 class='iconbox_content_title  '  itemprop=\"headline\"   style='color:#ffffff; '>Universidade do Porto \/ Sal\u00e3o Nobre<\/h3><\/header><div class='iconbox_content_container  '  itemprop=\"text\"  ><\/div><\/div><footer class=\"entry-footer\"><\/footer><\/article><br \/>\n<article  class=\"iconbox iconbox_left    avia-builder-el-8  el_after_av_icon_box  avia-builder-el-last  \"  itemscope=\"itemscope\" itemtype=\"https:\/\/schema.org\/CreativeWork\" ><div class=\"iconbox_content\"><header class=\"entry-content-header\"><div class=\"iconbox_icon heading-color\" aria-hidden='true' data-av_icon='\ue862' data-av_iconfont='entypo-fontello'  style='background-color:#000000; color:#ffffff; ' ><\/div><h3 class='iconbox_content_title  '  itemprop=\"headline\"   style='color:#ffffff; '>Parte I Abril 23 - 14h \/ Parte II Abril 24 - 9h \/ Parte III Abril 24 - 11h<\/h3><\/header><div class='iconbox_content_container  '  itemprop=\"text\"  ><\/div><\/div><footer class=\"entry-footer\"><\/footer><\/article><\/p><\/div><div class=\"flex_column av_one_fifth  flex_column_div av-zero-column-padding   avia-builder-el-9  el_after_av_three_fifth  avia-builder-el-last  column-top-margin\" style='border-radius:0px; '><\/div>\n\n<\/div><\/div><\/main><!-- close content main element --><\/div><\/div><\/div><div id='av_section_2'  class='avia-section main_color avia-section-small avia-no-border-styling  avia-bg-style-scroll  avia-builder-el-10  el_after_av_section  el_before_av_textblock   container_wrap fullsize' style=' '  ><div class='container' ><div class='template-page content  av-content-full alpha units'><div class='post-entry post-entry-type-page post-entry-10791'><div class='entry-content-wrapper clearfix'>\n<div class=\"flex_column av_one_fifth  flex_column_div av-zero-column-padding first  avia-builder-el-11  el_before_av_three_fifth  avia-builder-el-first  \" style='border-radius:0px; '><\/div><div class=\"flex_column av_three_fifth  flex_column_div av-zero-column-padding   avia-builder-el-12  el_after_av_one_fifth  el_before_av_one_fifth  \" style='border-radius:0px; '><section class=\"av_textblock_section \"  itemscope=\"itemscope\" itemtype=\"https:\/\/schema.org\/CreativeWork\" ><div class='avia_textblock  '   itemprop=\"text\" ><p><span style=\"font-weight: 400;\">As Assembleias de Solidariedade \u00e9 um projeto liderado por cidad\u00e3os, que visa conectar grupos desproporcionalmente afetados pelo Covid-19. Este projeto adv\u00e9m da cren\u00e7a que a democracia europeia deve basear-se em formatos de envolvimento inovadores, promovendo as rela\u00e7\u00f5es e o di\u00e1logo entre os cidad\u00e3os em toda a Europa e a sua capacidade de dar contributos e testemunhos \u00fateis que ajudem os decisores europeus a desenvolver pol\u00edticas mais informadas.<\/span><\/p>\n<p><span style=\"font-weight: 400;\">No total, foram organizadas 20 assembleias locais por e para os cidad\u00e3os, em nada menos do que dez pa\u00edses diferentes, para sensibilizar os cidad\u00e3os para tr\u00eas quest\u00f5es-chave:\u00a0<\/span><\/p>\n<ul>\n<li style=\"font-weight: 400;\" aria-level=\"1\"><span style=\"font-weight: 400;\">Democracia e direitos fundamentais;<\/span><\/li>\n<li style=\"font-weight: 400;\" aria-level=\"1\"><span style=\"font-weight: 400;\">Bem-estar e Sa\u00fade;<\/span><\/li>\n<li style=\"font-weight: 400;\" aria-level=\"1\"><span style=\"font-weight: 400;\">Ambiente e altera\u00e7\u00f5es clim\u00e1ticas.\u00a0<\/span><\/li>\n<\/ul>\n<p><b>Objetivo\u00a0<\/b><\/p>\n<p><span style=\"font-weight: 400;\">Uma vez que as a\u00e7\u00f5es da Uni\u00e3o Europeia afetam a vida quotidiana, de diferentes formas, dos cidad\u00e3os em toda a Europa, as assembleias cidad\u00e3s multigeracionais t\u00eam deliberado sobre as \u00e1reas pol\u00edticas fundamentais que s\u00e3o estrat\u00e9gicas, tanto para os cidad\u00e3os, como para a UE.\u00a0<\/span><\/p>\n<p><b>E agora?\u00a0<\/b><\/p>\n<p><span style=\"font-weight: 400;\">Acreditamos que a democracia europeia deve basear-se em formatos de envolvimento inovadores, promovendo as rela\u00e7\u00f5es e o di\u00e1logo entre cidad\u00e3os para uma forma mais directa e participativa de democracia, a fim de apoiar os decisores a desenvolverem pol\u00edticas informadas baseadas em necessidades e prioridades reais.\u00a0<\/span><\/p>\n<p><span style=\"font-weight: 400;\">Ap\u00f3s a recolha de ideias e exig\u00eancias nessas 20 assembleias locais, os cidad\u00e3os reuniram-se numa primeira Assembleia Transnacional, em Outubro de 2021, para construir a Declara\u00e7\u00e3o Clim\u00e1tica de Palermo, a qual desenvolve, em 17 pontos, quais s\u00e3o as prioridades para evitar uma cat\u00e1strofe clim\u00e1tica a n\u00edvel europeu e global, pois a natureza n\u00e3o conhece fronteiras.\u00a0<\/span><\/p>\n<p><span style=\"font-weight: 400;\">Acreditamos firmemente que a justi\u00e7a clim\u00e1tica anda de m\u00e3os dadas com a justi\u00e7a social, da\u00ed que a segunda Assembleia Transnacional, que ter\u00e1 lugar no Porto nos dias 23 a 24 de abril de 2022, se concentre nos temas &#8220;Democratizar, Decarbonizar, Descolonizar&#8221;. Porque enfrentar as altera\u00e7\u00f5es clim\u00e1ticas \u00e9 uma quest\u00e3o global, \u00e9 necess\u00e1ria uma resposta global que envolva todas as comunidades, onde todos devem ter oportunidades iguais para lutar por uma sociedade justa dentro e fora da Europa.\u00a0<\/span><\/p>\n<p><b>Como \u00e9?\u00a0<\/b><\/p>\n<p><span style=\"font-weight: 400;\">Representantes das 20 assembleias locais, de todos os grupos et\u00e1rios, juntar-se-\u00e3o na Assembleia Transnacional do Porto, para defender as ideias que foram partilhadas a n\u00edvel local. A partir da\u00ed, um debate democr\u00e1tico estabelecer\u00e1 quais destas propostas dever\u00e3o ser transformadas em recomenda\u00e7\u00f5es concretas aos decisores pol\u00edticos da UE, incluindo as institui\u00e7\u00f5es da UE, grupos pol\u00edticos da UE e deputados eleitos do Parlamento Europeu, outras Organiza\u00e7\u00f5es N\u00e3o-Governamentais e organiza\u00e7\u00f5es da sociedade civil. Por fim, um momento deliberativo sob a forma de vota\u00e7\u00e3o determinar\u00e1 a ordem de prioridade das propostas, que ser\u00e3o dispostas na Declara\u00e7\u00e3o Social do Porto.\u00a0<\/span><\/p>\n<p><b>Informa\u00e7\u00e3o:\u00a0<\/b><\/p>\n<p><b>Quando?<\/b><\/p>\n<ul>\n<li style=\"font-weight: 400;\" aria-level=\"1\"><b>Parte 1: O que podemos aprender com as assembleias cidad\u00e3s locais? <\/b><span style=\"font-weight: 400;\">&#8211; S\u00e1bado, 23 de abril, das 14h \u00e0s 18h30\u00a0<\/span><\/li>\n<li style=\"font-weight: 400;\" aria-level=\"1\"><b>Parte 2: Constru\u00e7\u00e3o da Declara\u00e7\u00e3o do Porto sobre os Direitos Fundamentais <\/b><span style=\"font-weight: 400;\">&#8211; Domingo 24 de abril, das 9h \u00e0s 11h<\/span><\/li>\n<li style=\"font-weight: 400;\" aria-level=\"1\"><b>Parte 3: Delibera\u00e7\u00e3o, vota\u00e7\u00e3o e lan\u00e7amento da Declara\u00e7\u00e3o do Porto sobre os Direitos Fundamentais &#8211; <\/b><span style=\"font-weight: 400;\">Domingo 24 de abril, das 11h \u00e0s 13h<\/span><\/li>\n<\/ul>\n<p><b>Onde?\u00a0<\/b><\/p>\n<p><span style=\"font-weight: 400;\">Sal\u00e3o Nobre, Reitoria da Universidade do Porto <\/span><\/p>\n<\/div><\/section><\/div><div class=\"flex_column av_one_fifth  flex_column_div av-zero-column-padding   avia-builder-el-14  el_after_av_three_fifth  avia-builder-el-last  \" style='border-radius:0px; '><\/div><\/div><\/div><\/div><!-- close content main div --><\/div><\/div><div id='after_section_2'  class='main_color av_default_container_wrap container_wrap fullsize' style=' '  ><div class='container' ><div class='template-page content  av-content-full alpha units'><div class='post-entry post-entry-type-page post-entry-10791'><div class='entry-content-wrapper clearfix'><section class=\"av_textblock_section \"  itemscope=\"itemscope\" itemtype=\"https:\/\/schema.org\/CreativeWork\" ><div class='avia_textblock  '   itemprop=\"text\" ><h2 style=\"text-align: center;\"><strong>PARCEIROS<\/strong><\/h2>\n<h3><\/h3>\n<\/div><\/section><\/p>\n<div   data-autoplay='false'  data-interval='5'  data-animation='slide'  class='avia-logo-element-container av-border-deactivate avia-logo-slider avia-content-slider avia-smallarrow-slider avia-content-slider-active noHover avia-content-slider1 avia-content-slider-even  avia-builder-el-16  el_after_av_textblock  avia-builder-el-last  ' ><div class='avia-smallarrow-slider-heading  no-logo-slider-heading '><div class='new-special-heading'>&nbsp;<\/div><\/div><div class='avia-content-slider-inner'><div class='slide-entry-wrap' ><div  class='slide-entry flex_column no_margin post-entry slide-entry-overview slide-loop-1 slide-parity-odd  av_one_eighth first real-thumbnail'><span class='av-partner-fake-img' style='padding-bottom:100%; background-image:url(https:\/\/2022.transeuropafestival.eu\/wp-content\/uploads\/2022\/03\/Untitled-design-34.png);'><\/span><\/div><div  class='slide-entry flex_column no_margin post-entry slide-entry-overview slide-loop-2 slide-parity-even  post-entry-last  av_one_eighth  real-thumbnail'><span class='av-partner-fake-img' style='padding-bottom:100%; background-image:url(https:\/\/2022.transeuropafestival.eu\/wp-content\/uploads\/2022\/02\/Untitled-design11.png);'><\/span><\/div><\/div><\/div><\/div>\n","protected":false},"excerpt":{"rendered":"","protected":false},"author":2,"featured_media":0,"parent":0,"menu_order":0,"comment_status":"closed","ping_status":"closed","template":"","meta":{"footnotes":""},"class_list":["post-10791","page","type-page","status-publish","hentry"],"_links":{"self":[{"href":"https:\/\/2022.transeuropafestival.eu\/pt-pt\/wp-json\/wp\/v2\/pages\/10791","targetHints":{"allow":["GET"]}}],"collection":[{"href":"https:\/\/2022.transeuropafestival.eu\/pt-pt\/wp-json\/wp\/v2\/pages"}],"about":[{"href":"https:\/\/2022.transeuropafestival.eu\/pt-pt\/wp-json\/wp\/v2\/types\/page"}],"author":[{"embeddable":true,"href":"https:\/\/2022.transeuropafestival.eu\/pt-pt\/wp-json\/wp\/v2\/users\/2"}],"replies":[{"embeddable":true,"href":"https:\/\/2022.transeuropafestival.eu\/pt-pt\/wp-json\/wp\/v2\/comments?post=10791"}],"version-history":[{"count":6,"href":"https:\/\/2022.transeuropafestival.eu\/pt-pt\/wp-json\/wp\/v2\/pages\/10791\/revisions"}],"predecessor-version":[{"id":11403,"href":"https:\/\/2022.transeuropafestival.eu\/pt-pt\/wp-json\/wp\/v2\/pages\/10791\/revisions\/11403"}],"wp:attachment":[{"href":"https:\/\/2022.transeuropafestival.eu\/pt-pt\/wp-json\/wp\/v2\/media?parent=10791"}],"curies":[{"name":"wp","href":"https:\/\/api.w.org\/{rel}","templated":true}]}}