{"id":10779,"date":"2022-03-07T14:59:38","date_gmt":"2022-03-07T14:59:38","guid":{"rendered":"https:\/\/2022.transeuropafestival.eu\/?page_id=10779"},"modified":"2022-04-19T17:54:28","modified_gmt":"2022-04-19T17:54:28","slug":"portuguese-assembly","status":"publish","type":"page","link":"https:\/\/2022.transeuropafestival.eu\/pt-pt\/portuguese-assembly\/","title":{"rendered":"ASSEMBLEIA CIDAD\u00c3 &#8211; COMO GARANTIR O IMPERATIVO DA HOSPITALIDADE NA IGUALDADE"},"content":{"rendered":"<div id='eventheader'  class='avia-section main_color avia-section-huge avia-no-border-styling  avia-full-stretch av-parallax-section av-section-color-overlay-active avia-bg-style-parallax  avia-builder-el-0  el_before_av_section  avia-builder-el-first   container_wrap fullsize' style=' '  data-section-bg-repeat='stretch'><div class='av-parallax' data-avia-parallax-ratio='0.3' ><div class='av-parallax-inner main_color  avia-full-stretch' style = 'background-repeat: no-repeat; background-image: url(https:\/\/2022.transeuropafestival.eu\/wp-content\/uploads\/2022\/03\/portugal-assembly.jpg);background-attachment: scroll; background-position: center center; ' ><\/div><\/div><div class='av-section-color-overlay-wrap'><div class='av-section-color-overlay' style='opacity: 0.5; background-color: #35383c; '><\/div><div class='container' ><main  role=\"main\" itemprop=\"mainContentOfPage\"  class='template-page content  av-content-full alpha units'><div class='post-entry post-entry-type-page post-entry-10779'><div class='entry-content-wrapper clearfix'>\n<div class=\"flex_column av_one_fifth  flex_column_div av-zero-column-padding first  avia-builder-el-1  el_before_av_three_fifth  avia-builder-el-first  \" style='border-radius:0px; '><\/div><div class=\"flex_column av_three_fifth  flex_column_div av-zero-column-padding   avia-builder-el-2  el_after_av_one_fifth  el_before_av_one_fifth  \" style='border-radius:0px; '><div  style='padding-bottom:19px; color:#ffffff;font-size:40px;' class='av-special-heading av-special-heading-h1 custom-color-heading blockquote modern-quote modern-centered  avia-builder-el-3  avia-builder-el-no-sibling  av-inherit-size '><h1 class='av-special-heading-tag '  itemprop=\"headline\"  >ASSEMBLEIA CIDAD\u00c3 &#8211; COMO GARANTIR O IMPERATIVO DA HOSPITALIDADE NA IGUALDADE<\/h1><div class='special-heading-border'><div class='special-heading-inner-border' style='border-color:#ffffff'><\/div><\/div><\/div><\/div><div class=\"flex_column av_one_fifth  flex_column_div av-zero-column-padding   avia-builder-el-4  el_after_av_three_fifth  el_before_av_one_fifth  \" style='border-radius:0px; '><\/div><div class=\"flex_column av_one_fifth  flex_column_div av-zero-column-padding first  avia-builder-el-5  el_after_av_one_fifth  el_before_av_three_fifth  column-top-margin\" style='border-radius:0px; '><\/div><div class=\"flex_column av_three_fifth  flex_column_div av-zero-column-padding   avia-builder-el-6  el_after_av_one_fifth  el_before_av_one_fifth  column-top-margin\" style='border-radius:0px; '><p><article  class=\"iconbox iconbox_left    avia-builder-el-7  el_before_av_icon_box  avia-builder-el-first  \"  itemscope=\"itemscope\" itemtype=\"https:\/\/schema.org\/CreativeWork\" ><div class=\"iconbox_content\"><header class=\"entry-content-header\"><div class=\"iconbox_icon heading-color\" aria-hidden='true' data-av_icon='\ue842' data-av_iconfont='entypo-fontello'  style='background-color:#000000; color:#ffffff; ' ><\/div><h3 class='iconbox_content_title  '  itemprop=\"headline\"   style='color:#ffffff; '>F\u00f3rum Cultural de Ermesinde<\/h3><\/header><div class='iconbox_content_container  '  itemprop=\"text\"  ><\/div><\/div><footer class=\"entry-footer\"><\/footer><\/article><br \/>\n<article  class=\"iconbox iconbox_left    avia-builder-el-8  el_after_av_icon_box  avia-builder-el-last  \"  itemscope=\"itemscope\" itemtype=\"https:\/\/schema.org\/CreativeWork\" ><div class=\"iconbox_content\"><header class=\"entry-content-header\"><div class=\"iconbox_icon heading-color\" aria-hidden='true' data-av_icon='\ue862' data-av_iconfont='entypo-fontello'  style='background-color:#000000; color:#ffffff; ' ><\/div><h3 class='iconbox_content_title  '  itemprop=\"headline\"   style='color:#ffffff; '>Parte I 22 de Abril - 14.30h \/ Parte II 23 de Abril - 9.30h<\/h3><\/header><div class='iconbox_content_container  '  itemprop=\"text\"  ><\/div><\/div><footer class=\"entry-footer\"><\/footer><\/article><\/p><\/div><div class=\"flex_column av_one_fifth  flex_column_div av-zero-column-padding   avia-builder-el-9  el_after_av_three_fifth  avia-builder-el-last  column-top-margin\" style='border-radius:0px; '><\/div>\n\n<\/div><\/div><\/main><!-- close content main element --><\/div><\/div><\/div><div id='av_section_2'  class='avia-section main_color avia-section-small avia-no-border-styling  avia-bg-style-scroll  avia-builder-el-10  el_after_av_section  el_before_av_textblock   container_wrap fullsize' style=' '  ><div class='container' ><div class='template-page content  av-content-full alpha units'><div class='post-entry post-entry-type-page post-entry-10779'><div class='entry-content-wrapper clearfix'>\n<div class=\"flex_column av_one_fifth  flex_column_div av-zero-column-padding first  avia-builder-el-11  el_before_av_three_fifth  avia-builder-el-first  \" style='border-radius:0px; '><\/div><div class=\"flex_column av_three_fifth  flex_column_div av-zero-column-padding   avia-builder-el-12  el_after_av_one_fifth  el_before_av_one_fifth  \" style='border-radius:0px; '><section class=\"av_textblock_section \"  itemscope=\"itemscope\" itemtype=\"https:\/\/schema.org\/CreativeWork\" ><div class='avia_textblock  '   itemprop=\"text\" ><p><span style=\"font-weight: 400;\">A Assembleia Cidad\u00e3 Portuguesa, inscrita no projecto Assembleias de Solidariedade, \u00e9 co-organizada em coopera\u00e7\u00e3o com o F\u00f3rum Demos <\/span><span style=\"font-weight: 400;\">governamentais portuguesas e ativistas da sociedade civil. <\/span><span style=\"font-weight: 400;\">Tem como objectivo explorar <\/span><span style=\"font-weight: 400;\">a diversidade, a hospitalidade, a igualdade e os direitos fundamentais na Uni\u00e3o Europeia<\/span><span style=\"font-weight: 400;\">. Inserida no debate lan\u00e7ado pela Confer\u00eancia sobre o Futuro da Europa, <\/span><span style=\"font-weight: 400;\">inscreve-se no t\u00f3pico \u201cValores e direitos, Estado de direito, seguran\u00e7a\u201d.<\/span><\/p>\n<p><span style=\"font-weight: 400;\">Esta Assembleia \u00e9 uma iniciativa de envolvimento e comunica\u00e7\u00e3o dirigida \u00e0s associa\u00e7\u00f5es e comunidades socialmente discriminadas portuguesas <\/span><span style=\"font-weight: 400;\">(visa ouvir as vozes da Comunidade Cigana, da Comunidade Afrodescendente, e dos Imigrantes e Refugiados)<\/span><span style=\"font-weight: 400;\">, que visa endere\u00e7ar a quest\u00e3o da garantia dos direitos em tr\u00eas n\u00edveis: local, nacional e europeu. <\/span><span style=\"font-weight: 400;\">Assim, pretende aproveitar as experi\u00eancias locais e nacionais para criar um projecto que possa moldar o futuro da Europa como uma sociedade caracterizada pela diversidade e que garante a igualdade de direitos e acesso aos mesmos e promova <\/span><span style=\"font-weight: 400;\">enquanto vetor essencial da sua pol\u00edtica externa e interna, tendo em particular aten\u00e7\u00e3o \u00e0s comunidades socialmente discriminadas. Pretende-se, nesta \u00f3tica, e tendo em conta a evolu\u00e7\u00e3o do conflito na Ucr\u00e2nia, perceber o que \u00e9 que a Uni\u00e3o Europeia e os diferentes governos nacionais devem fazer para proteger estes direitos e promover a integra\u00e7\u00e3o de todos os refugiados, sem discrimina\u00e7\u00e3o, e como pode inscrever a experi\u00eancia espec\u00edfica das comunidades locais numa pol\u00edtica nacional e europeia, num movimento simultaneamente <\/span><i><span style=\"font-weight: 400;\">debaixo para cima e de cima para baixo.<\/span><\/i><\/p>\n<p><span style=\"font-weight: 400;\">A assembleia contar\u00e1 com a presen\u00e7a de 50 cidad\u00e3os (o termo &#8220;cidad\u00e3o&#8221; inclui todas as pessoas que vivem em Portugal, com ou sem cidadania), <\/span><span style=\"font-weight: 400;\">sorteados aleatoriamente, de modo a garantir uma amostra representativa da sociedade portuguesa.<\/span><\/p>\n<p><span style=\"font-weight: 400;\">A assembleia ser\u00e1 acompanhada por eventos paralelos.<\/span><\/p>\n<h4><b>Feira do Livro \u2013 Letras em Liberdade | <\/b><span style=\"font-weight: 400;\">F\u00f3rum Cultural de Ermesinde | 22-23 ABRIL 2022<\/span><\/h4>\n<p><i><span style=\"font-weight: 400;\">&#8220;Os Manuscritos N\u00e3o Ardem&#8221; &#8211; Mikhail Bulg\u00e1kov<\/span><\/i><\/p>\n<p><span style=\"font-weight: 400;\">O Festival TransEuropa, no contexto da Assembleia Cidad\u00e3, organiza, com a UNICEPE &#8211; Cooperativa Livreira De Estudantes Do Porto Crl, a C\u00e2mara de Valongo e o Forum Demos, uma feira do livro com obras tem\u00e1ticas sobre a democracia, o racismo, o colonialismo e as vozes lus\u00f3fonas.<\/span><\/p>\n<h4><b>Exposi\u00e7\u00e3o \u201cVozes\u201d de MUHAMMED MUHEISEN | <\/b><span style=\"font-weight: 400;\">F\u00f3rum Cultural de Ermesinde | 20-25 ABRIL 2022<\/span><\/h4>\n<p><span style=\"font-weight: 400;\">VOZES, de Muhammed Muheisen, \u00e9 uma sele\u00e7\u00e3o de imagens, captadas ao longo de mais de uma d\u00e9cada, que documenta o quotidiano e os desafios que os refugiados e as pessoas deslocadas internamente enfrentam em diferentes partes do mundo. Mostra os seus p\u00e9riplos em busca de um novo lar seguro e o seu estabelecimento em novos ambientes.<\/span><\/p>\n<p><i><span style=\"font-weight: 400;\">Inaugura\u00e7\u00e3o da exposi\u00e7\u00e3o no dia 20 de abril 21h<\/span><\/i><\/p>\n<p><img loading=\"lazy\" decoding=\"async\" class=\"wp-image-12224 aligncenter\" src=\"https:\/\/2022.transeuropafestival.eu\/wp-content\/uploads\/2022\/04\/1.png\" alt=\"\" width=\"443\" height=\"627\" srcset=\"https:\/\/2022.transeuropafestival.eu\/wp-content\/uploads\/2022\/04\/1.png 1587w, https:\/\/2022.transeuropafestival.eu\/wp-content\/uploads\/2022\/04\/1-212x300.png 212w, https:\/\/2022.transeuropafestival.eu\/wp-content\/uploads\/2022\/04\/1-728x1030.png 728w, https:\/\/2022.transeuropafestival.eu\/wp-content\/uploads\/2022\/04\/1-768x1086.png 768w, https:\/\/2022.transeuropafestival.eu\/wp-content\/uploads\/2022\/04\/1-1086x1536.png 1086w, https:\/\/2022.transeuropafestival.eu\/wp-content\/uploads\/2022\/04\/1-1448x2048.png 1448w, https:\/\/2022.transeuropafestival.eu\/wp-content\/uploads\/2022\/04\/1-1060x1500.png 1060w, https:\/\/2022.transeuropafestival.eu\/wp-content\/uploads\/2022\/04\/1-498x705.png 498w\" sizes=\"auto, (max-width: 443px) 100vw, 443px\" \/><\/p>\n<\/div><\/section><\/div><div class=\"flex_column av_one_fifth  flex_column_div av-zero-column-padding   avia-builder-el-14  el_after_av_three_fifth  avia-builder-el-last  \" style='border-radius:0px; '><\/div><\/div><\/div><\/div><!-- close content main div --><\/div><\/div><div id='after_section_2'  class='main_color av_default_container_wrap container_wrap fullsize' style=' '  ><div class='container' ><div class='template-page content  av-content-full alpha units'><div class='post-entry post-entry-type-page post-entry-10779'><div class='entry-content-wrapper clearfix'><section class=\"av_textblock_section \"  itemscope=\"itemscope\" itemtype=\"https:\/\/schema.org\/CreativeWork\" ><div class='avia_textblock  '   itemprop=\"text\" ><h2 style=\"text-align: center;\"><strong>PARCEIROS<\/strong><\/h2>\n<h3><\/h3>\n<\/div><\/section><\/p>\n<div   data-autoplay='false'  data-interval='5'  data-animation='slide'  class='avia-logo-element-container av-border-deactivate avia-logo-slider avia-content-slider avia-smallarrow-slider avia-content-slider-active noHover avia-content-slider1 avia-content-slider-even  avia-builder-el-16  el_after_av_textblock  avia-builder-el-last  ' ><div class='avia-smallarrow-slider-heading  no-logo-slider-heading '><div class='new-special-heading'>&nbsp;<\/div><div class='avia-slideshow-arrows avia-slideshow-controls'><a href='#prev' class='prev-slide' aria-hidden='true' data-av_icon='\ue87c' data-av_iconfont='entypo-fontello'>Previous<\/a><a href='#next' class='next-slide' aria-hidden='true' data-av_icon='\ue87d' data-av_iconfont='entypo-fontello'>Next<\/a><\/div><\/div><div class='avia-content-slider-inner'><div class='slide-entry-wrap' ><div  class='slide-entry flex_column no_margin post-entry slide-entry-overview slide-loop-1 slide-parity-odd  av_one_eighth first real-thumbnail'><span class='av-partner-fake-img' style='padding-bottom:100%; background-image:url(https:\/\/2022.transeuropafestival.eu\/wp-content\/uploads\/2022\/03\/Untitled-design-38-1.png);'><\/span><\/div><div  class='slide-entry flex_column no_margin post-entry slide-entry-overview slide-loop-2 slide-parity-even  av_one_eighth  real-thumbnail'><span class='av-partner-fake-img' style='padding-bottom:100%; background-image:url(https:\/\/2022.transeuropafestival.eu\/wp-content\/uploads\/2022\/03\/Untitled-design-34.png);'><\/span><\/div><div  class='slide-entry flex_column no_margin post-entry slide-entry-overview slide-loop-3 slide-parity-odd  av_one_eighth  real-thumbnail'><span class='av-partner-fake-img' style='padding-bottom:100%; background-image:url(https:\/\/2022.transeuropafestival.eu\/wp-content\/uploads\/2022\/04\/Untitled-design-81-1.png);'><\/span><\/div><div  class='slide-entry flex_column no_margin post-entry slide-entry-overview slide-loop-4 slide-parity-even  av_one_eighth  real-thumbnail'><span class='av-partner-fake-img' style='padding-bottom:100%; background-image:url(https:\/\/2022.transeuropafestival.eu\/wp-content\/uploads\/2022\/04\/Untitled-design-80-1.png);'><\/span><\/div><div  class='slide-entry flex_column no_margin post-entry slide-entry-overview slide-loop-5 slide-parity-odd  av_one_eighth  real-thumbnail'><span class='av-partner-fake-img' style='padding-bottom:100%; background-image:url(https:\/\/2022.transeuropafestival.eu\/wp-content\/uploads\/2022\/04\/Untitled-design-79-1.png);'><\/span><\/div><div  class='slide-entry flex_column no_margin post-entry slide-entry-overview slide-loop-6 slide-parity-even  av_one_eighth  real-thumbnail'><span class='av-partner-fake-img' style='padding-bottom:100%; background-image:url(https:\/\/2022.transeuropafestival.eu\/wp-content\/uploads\/2022\/04\/Untitled-design-78-1.png);'><\/span><\/div><div  class='slide-entry flex_column no_margin post-entry slide-entry-overview slide-loop-7 slide-parity-odd  av_one_eighth  real-thumbnail'><span class='av-partner-fake-img' style='padding-bottom:100%; background-image:url(https:\/\/2022.transeuropafestival.eu\/wp-content\/uploads\/2022\/04\/Untitled-design-77-2.png);'><\/span><\/div><div  class='slide-entry flex_column no_margin post-entry slide-entry-overview slide-loop-8 slide-parity-even  av_one_eighth  real-thumbnail'><span class='av-partner-fake-img' style='padding-bottom:100%; background-image:url(https:\/\/2022.transeuropafestival.eu\/wp-content\/uploads\/2022\/04\/Untitled-design-76-2.png);'><\/span><\/div><\/div><div class='slide-entry-wrap' ><div  class='slide-entry flex_column no_margin post-entry slide-entry-overview slide-loop-9 slide-parity-odd  av_one_eighth first real-thumbnail'><span class='av-partner-fake-img' style='padding-bottom:100%; background-image:url(https:\/\/2022.transeuropafestival.eu\/wp-content\/uploads\/2022\/04\/Untitled-design-75-2.png);'><\/span><\/div><div  class='slide-entry flex_column no_margin post-entry slide-entry-overview slide-loop-10 slide-parity-even  av_one_eighth  real-thumbnail'><span class='av-partner-fake-img' style='padding-bottom:100%; background-image:url(https:\/\/2022.transeuropafestival.eu\/wp-content\/uploads\/2022\/04\/Untitled-design-74-2.png);'><\/span><\/div><div  class='slide-entry flex_column no_margin post-entry slide-entry-overview slide-loop-11 slide-parity-odd  av_one_eighth  real-thumbnail'><span class='av-partner-fake-img' style='padding-bottom:100%; background-image:url(https:\/\/2022.transeuropafestival.eu\/wp-content\/uploads\/2022\/04\/Untitled-design-71-4.png);'><\/span><\/div><div  class='slide-entry flex_column no_margin post-entry slide-entry-overview slide-loop-12 slide-parity-even  av_one_eighth  real-thumbnail'><span class='av-partner-fake-img' style='padding-bottom:100%; background-image:url(https:\/\/2022.transeuropafestival.eu\/wp-content\/uploads\/2022\/04\/Untitled-design-69-5.png);'><\/span><\/div><div  class='slide-entry flex_column no_margin post-entry slide-entry-overview slide-loop-13 slide-parity-odd  av_one_eighth  real-thumbnail'><span class='av-partner-fake-img' style='padding-bottom:100%; background-image:url(https:\/\/2022.transeuropafestival.eu\/wp-content\/uploads\/2022\/04\/Untitled-design-68-7.png);'><\/span><\/div><div  class='slide-entry flex_column no_margin post-entry slide-entry-overview slide-loop-14 slide-parity-even  av_one_eighth  real-thumbnail'><span class='av-partner-fake-img' style='padding-bottom:100%; background-image:url(https:\/\/2022.transeuropafestival.eu\/wp-content\/uploads\/2022\/04\/Untitled-design-67-4.png);'><\/span><\/div><div  class='slide-entry flex_column no_margin post-entry slide-entry-overview slide-loop-15 slide-parity-odd  av_one_eighth  real-thumbnail'><span class='av-partner-fake-img' style='padding-bottom:100%; background-image:url(https:\/\/2022.transeuropafestival.eu\/wp-content\/uploads\/2022\/04\/Untitled-design-66-4.png);'><\/span><\/div><div  class='slide-entry flex_column no_margin post-entry slide-entry-overview slide-loop-16 slide-parity-even  av_one_eighth  real-thumbnail'><span class='av-partner-fake-img' style='padding-bottom:100%; background-image:url(https:\/\/2022.transeuropafestival.eu\/wp-content\/uploads\/2022\/04\/Untitled-design-65-3.png);'><\/span><\/div><\/div><div class='slide-entry-wrap' ><div  class='slide-entry flex_column no_margin post-entry slide-entry-overview slide-loop-17 slide-parity-odd  av_one_eighth first real-thumbnail'><span class='av-partner-fake-img' style='padding-bottom:100%; background-image:url(https:\/\/2022.transeuropafestival.eu\/wp-content\/uploads\/2022\/04\/Untitled-design-85.png);'><\/span><\/div><div  class='slide-entry flex_column no_margin post-entry slide-entry-overview slide-loop-18 slide-parity-even  av_one_eighth  real-thumbnail'><span class='av-partner-fake-img' style='padding-bottom:100%; background-image:url(https:\/\/2022.transeuropafestival.eu\/wp-content\/uploads\/2022\/04\/Untitled-design-91-1.png);'><\/span><\/div><div  class='slide-entry flex_column no_margin post-entry slide-entry-overview slide-loop-19 slide-parity-odd  post-entry-last  av_one_eighth  real-thumbnail'><span class='av-partner-fake-img' style='padding-bottom:100%; background-image:url(https:\/\/2022.transeuropafestival.eu\/wp-content\/uploads\/2022\/04\/Untitled-design-90-1.png);'><\/span><\/div><\/div><\/div><\/div>\n","protected":false},"excerpt":{"rendered":"","protected":false},"author":2,"featured_media":0,"parent":0,"menu_order":0,"comment_status":"closed","ping_status":"closed","template":"","meta":{"footnotes":""},"class_list":["post-10779","page","type-page","status-publish","hentry"],"_links":{"self":[{"href":"https:\/\/2022.transeuropafestival.eu\/pt-pt\/wp-json\/wp\/v2\/pages\/10779","targetHints":{"allow":["GET"]}}],"collection":[{"href":"https:\/\/2022.transeuropafestival.eu\/pt-pt\/wp-json\/wp\/v2\/pages"}],"about":[{"href":"https:\/\/2022.transeuropafestival.eu\/pt-pt\/wp-json\/wp\/v2\/types\/page"}],"author":[{"embeddable":true,"href":"https:\/\/2022.transeuropafestival.eu\/pt-pt\/wp-json\/wp\/v2\/users\/2"}],"replies":[{"embeddable":true,"href":"https:\/\/2022.transeuropafestival.eu\/pt-pt\/wp-json\/wp\/v2\/comments?post=10779"}],"version-history":[{"count":15,"href":"https:\/\/2022.transeuropafestival.eu\/pt-pt\/wp-json\/wp\/v2\/pages\/10779\/revisions"}],"predecessor-version":[{"id":12223,"href":"https:\/\/2022.transeuropafestival.eu\/pt-pt\/wp-json\/wp\/v2\/pages\/10779\/revisions\/12223"}],"wp:attachment":[{"href":"https:\/\/2022.transeuropafestival.eu\/pt-pt\/wp-json\/wp\/v2\/media?parent=10779"}],"curies":[{"name":"wp","href":"https:\/\/api.w.org\/{rel}","templated":true}]}}