{"id":10742,"date":"2022-03-04T15:35:46","date_gmt":"2022-03-04T15:35:46","guid":{"rendered":"https:\/\/2022.transeuropafestival.eu\/?page_id=10742"},"modified":"2022-04-19T14:28:22","modified_gmt":"2022-04-19T14:28:22","slug":"hair","status":"publish","type":"page","link":"https:\/\/2022.transeuropafestival.eu\/pt-pt\/hair\/","title":{"rendered":"HAIR | DJAIMILIA PEREIRA DE ALMEIDA X NABIL IQBAL X UMA"},"content":{"rendered":"<div id='eventheader'  class='avia-section main_color avia-section-huge avia-no-border-styling  avia-full-stretch av-parallax-section av-section-color-overlay-active avia-bg-style-parallax  avia-builder-el-0  el_before_av_section  avia-builder-el-first   container_wrap fullsize' style=' '  data-section-bg-repeat='stretch'><div class='av-parallax' data-avia-parallax-ratio='0.3' ><div class='av-parallax-inner main_color  avia-full-stretch' style = 'background-repeat: no-repeat; background-image: url(https:\/\/2022.transeuropafestival.eu\/wp-content\/uploads\/2022\/04\/Untitled-design-64-1.png);background-attachment: scroll; background-position: center center; ' ><\/div><\/div><div class='av-section-color-overlay-wrap'><div class='av-section-color-overlay' style='opacity: 0.5; background-color: #35383c; '><\/div><div class='container' ><main  role=\"main\" itemprop=\"mainContentOfPage\"  class='template-page content  av-content-full alpha units'><div class='post-entry post-entry-type-page post-entry-10742'><div class='entry-content-wrapper clearfix'>\n<div class=\"flex_column av_one_fifth  flex_column_div av-zero-column-padding first  avia-builder-el-1  el_before_av_three_fifth  avia-builder-el-first  \" style='border-radius:0px; '><\/div><div class=\"flex_column av_three_fifth  flex_column_div av-zero-column-padding   avia-builder-el-2  el_after_av_one_fifth  el_before_av_one_fifth  \" style='border-radius:0px; '><div  style='padding-bottom:19px; color:#ffffff;font-size:40px;' class='av-special-heading av-special-heading-h1 custom-color-heading blockquote modern-quote modern-centered  avia-builder-el-3  avia-builder-el-no-sibling  av-inherit-size '><h1 class='av-special-heading-tag '  itemprop=\"headline\"  >HAIR | DJAIMILIA PEREIRA DE ALMEIDA X NABIL IQBAL X UMA <\/h1><div class='special-heading-border'><div class='special-heading-inner-border' style='border-color:#ffffff'><\/div><\/div><\/div><\/div><div class=\"flex_column av_one_fifth  flex_column_div av-zero-column-padding   avia-builder-el-4  el_after_av_three_fifth  el_before_av_one_fifth  \" style='border-radius:0px; '><\/div><div class=\"flex_column av_one_fifth  flex_column_div av-zero-column-padding first  avia-builder-el-5  el_after_av_one_fifth  el_before_av_three_fifth  column-top-margin\" style='border-radius:0px; '><\/div><div class=\"flex_column av_three_fifth  flex_column_div av-zero-column-padding   avia-builder-el-6  el_after_av_one_fifth  el_before_av_one_fifth  column-top-margin\" style='border-radius:0px; '><p><article  class=\"iconbox iconbox_left    avia-builder-el-7  el_before_av_icon_box  avia-builder-el-first  \"  itemscope=\"itemscope\" itemtype=\"https:\/\/schema.org\/CreativeWork\" ><div class=\"iconbox_content\"><header class=\"entry-content-header\"><div class=\"iconbox_icon heading-color\" aria-hidden='true' data-av_icon='\ue842' data-av_iconfont='entypo-fontello'  style='background-color:#000000; color:#ffffff; ' ><\/div><h3 class='iconbox_content_title  '  itemprop=\"headline\"   style='color:#ffffff; '>Cooperativa \u00c1rvore<\/h3><\/header><div class='iconbox_content_container  '  itemprop=\"text\"  ><\/div><\/div><footer class=\"entry-footer\"><\/footer><\/article><br \/>\n<article  class=\"iconbox iconbox_left    avia-builder-el-8  el_after_av_icon_box  avia-builder-el-last  \"  itemscope=\"itemscope\" itemtype=\"https:\/\/schema.org\/CreativeWork\" ><div class=\"iconbox_content\"><header class=\"entry-content-header\"><div class=\"iconbox_icon heading-color\" aria-hidden='true' data-av_icon='\ue862' data-av_iconfont='entypo-fontello'  style='background-color:#000000; color:#ffffff; ' ><\/div><h3 class='iconbox_content_title  '  itemprop=\"headline\"   style='color:#ffffff; '>21 - 25 Abril <\/h3><\/header><div class='iconbox_content_container  '  itemprop=\"text\"  ><\/div><\/div><footer class=\"entry-footer\"><\/footer><\/article><\/p><\/div><div class=\"flex_column av_one_fifth  flex_column_div av-zero-column-padding   avia-builder-el-9  el_after_av_three_fifth  avia-builder-el-last  column-top-margin\" style='border-radius:0px; '><\/div>\n\n<\/div><\/div><\/main><!-- close content main element --><\/div><\/div><\/div><div id='av_section_2'  class='avia-section main_color avia-section-small avia-no-border-styling  avia-bg-style-scroll  avia-builder-el-10  el_after_av_section  el_before_av_textblock   container_wrap fullsize' style=' '  ><div class='container' ><div class='template-page content  av-content-full alpha units'><div class='post-entry post-entry-type-page post-entry-10742'><div class='entry-content-wrapper clearfix'>\n<div class=\"flex_column av_one_fifth  flex_column_div av-zero-column-padding first  avia-builder-el-11  el_before_av_three_fifth  avia-builder-el-first  \" style='border-radius:0px; '><\/div><div class=\"flex_column av_three_fifth  flex_column_div av-zero-column-padding   avia-builder-el-12  el_after_av_one_fifth  el_before_av_one_fifth  \" style='border-radius:0px; '><section class=\"av_textblock_section \"  itemscope=\"itemscope\" itemtype=\"https:\/\/schema.org\/CreativeWork\" ><div class='avia_textblock  '   itemprop=\"text\" ><p><b>HAIR (2022, Cooperativa \u00c1rvore)<\/b><\/p>\n<p><span style=\"font-weight: 400;\">Uma instala\u00e7\u00e3o v\u00eddeo e som da UMA (Joana Magalh\u00e3es, Mafalda Lencastre, Maria In\u00eas Marques) com contribui\u00e7\u00f5es de Djaimilia Pereira de Almeida, Nabil Iqbal e Arminda Nogueira<\/span><\/p>\n<blockquote>\n<h6><span style=\"font-weight: 400;\">\u201cA falta de cabelo do buraco negro significa que tem uma esp\u00e9cie de esquecimento terr\u00edvel que \u00e9 \u00fanica entre todas as estruturas do universo. Mas h\u00e1 algo aqui que ainda n\u00e3o compreendemos&#8230; \u201c(Nabil Iqbal)<\/span><\/h6>\n<\/blockquote>\n<p><b>HAIR<\/b><span style=\"font-weight: 400;\"> \u00e9 uma instala\u00e7\u00e3o multim\u00e9dia sobre a combina\u00e7\u00e3o de dois conceitos-chave: resist\u00eancia e fragilidade. Concebida para a edi\u00e7\u00e3o de 2022 do Transeuropa Festival, nasceu do di\u00e1logo entre o eixo dramat\u00fargico e curatorial da temporada de abertura da UMA &#8211; HOLE 2.0 &#8211; e o tema do festival deste ano: Decolonizar, descarbonizar, democratizar!<\/span><\/p>\n<p><b>HAIR<\/b><span style=\"font-weight: 400;\"> aborda a materialidade contradit\u00f3ria do cabelo como uma fibra incrivelmente resistente (por exemplo, um \u00fanico fio de cabelo pode aguentar at\u00e9 3Kg de peso e quando morremos o nosso cabelo continua a crescer, adiando a morte e o tempo), e como uma &#8220;coisa&#8221; fr\u00e1gil e fantasmag\u00f3rica, uma vez que \u00e9 separada de um corpo vivo. Como um v\u00eddeo imersivo e experi\u00eancia sonora, esta instala\u00e7\u00e3o prop\u00f5e o cabelo como um objeto que desencadeia um multiverso de perspetivas filos\u00f3ficas e discursos pol\u00edticos, incluindo teorias astrof\u00edsicas sobre a (im)possibilidade de buracos negros armazenarem as suas informa\u00e7\u00f5es no seu chamado &#8220;cabelo&#8221;; o cabelo como s\u00edmbolo tanto da repress\u00e3o colonial como do desejo; o of\u00edcio e as regras do mercado de fazer perucas; ou mesmo o cabelo como a personifica\u00e7\u00e3o da identidade pessoal e da mem\u00f3ria. Embora na tradi\u00e7\u00e3o ocidental, moldada por mitologias gregas e b\u00edblicas, o cabelo \u00e9 um s\u00edmbolo de resist\u00eancia = virilidade e for\u00e7a (pensem no conto de Sans\u00e3o), com esta pe\u00e7a queremos avan\u00e7ar uma equa\u00e7\u00e3o alternativa:\u00a0<\/span><\/p>\n<p><i><span style=\"font-weight: 400;\">Resist\u00eancia = fragilidade+decrepitude+fantasmagoria.<\/span><\/i><\/p>\n<p><span style=\"font-weight: 400;\">Atrav\u00e9s da dupla condi\u00e7\u00e3o de fibra viva (que cresce, estica e encolhe) e de fibra morta (que cai, quebra e eventualmente apodrece), o cabelo parece evocar uma forma de arquivo que permanece presente atrav\u00e9s das suas pr\u00f3prias falhas, vest\u00edgios e espectralidades.\u00a0<\/span><\/p>\n<p><b>HAIR<\/b><span style=\"font-weight: 400;\"> \u00e9 uma experi\u00eancia de v\u00eddeo e som concebida para a galeria principal da Cooperativa \u00c1rvore, no Porto. Dentro de uma pra\u00e7a que pende no meio da sala, os espectadores s\u00e3o convidados a mergulhar, imediatamente, numa paisagem sonora refract\u00e1ria composta por m\u00faltiplas vozes e num v\u00eddeo panor\u00e2mico e hipn\u00f3tico em que o cabelo se encontra em toda a sua fr\u00e1gil resist\u00eancia e presen\u00e7a espectral.<\/span><\/p>\n<p><b>HAIR<\/b><span style=\"font-weight: 400;\"> materializa a experimenta\u00e7\u00e3o art\u00edstica e investiga\u00e7\u00e3o em curso da UMA. Acreditamos que a transversalidade e a interseccionalidade entre pr\u00e1ticas acad\u00e9micas e n\u00e3o acad\u00e9micas, entre express\u00f5es art\u00edsticas e n\u00e3o art\u00edsticas, s\u00e3o a chave para a democratiza\u00e7\u00e3o e descoloniza\u00e7\u00e3o do pensamento cr\u00edtico. A colabora\u00e7\u00e3o horizontal entre pessoas de diferentes nacionalidades, filia\u00e7\u00f5es e campos de especializa\u00e7\u00e3o durante a investiga\u00e7\u00e3o de um tema espec\u00edfico &#8211; neste caso, resist\u00eancia e fragilidade &#8211; \u00e9 absolutamente vital para o processo art\u00edstico e para a elabora\u00e7\u00e3o de HAIR. Assim, como criadores desta pe\u00e7a, convoc\u00e1mos as diversas vozes do astrof\u00edsico brit\u00e2nico Nabil Iqabal, especialista em buracos negros, da escritora portuguesa, Djaimilia Pereira de Almeida, autora do livro semi-autobiogr\u00e1fico <\/span><i><span style=\"font-weight: 400;\">Esse Cabelo<\/span><\/i><span style=\"font-weight: 400;\">, e da especialista em cabelo do Porto, Arminda Nogueira.<\/span><\/p>\n<hr \/>\n<p>Hor\u00e1rio de abertura da Cooperativa \u00c1rvore<\/p>\n<p>Quinta-feira: 10h00 &#8211; 13h &amp; 14h00 &#8211; 18h30 (no dia 21 de Abril estaremos abertos at\u00e9 \u00e0s 21h00)<br \/>\nSexta-feira: 10h00 &#8211; 13h &amp; 14h00 &#8211; 18h30<br \/>\nS\u00e1bado: 14h00 &#8211; 19h00<br \/>\nDomingo: Fechado<br \/>\nSegunda-feira: 14h00 &#8211; 19h00<\/p>\n<\/div><\/section><\/div><div class=\"flex_column av_one_fifth  flex_column_div av-zero-column-padding   avia-builder-el-14  el_after_av_three_fifth  avia-builder-el-last  \" style='border-radius:0px; '><\/div><\/div><\/div><\/div><!-- close content main div --><\/div><\/div><div id='after_section_2'  class='main_color av_default_container_wrap container_wrap fullsize' style=' '  ><div class='container' ><div class='template-page content  av-content-full alpha units'><div class='post-entry post-entry-type-page post-entry-10742'><div class='entry-content-wrapper clearfix'><section class=\"av_textblock_section \"  itemscope=\"itemscope\" itemtype=\"https:\/\/schema.org\/CreativeWork\" ><div class='avia_textblock  '   itemprop=\"text\" ><h2 style=\"text-align: center;\"><strong>PARCEIROS<\/strong><\/h2>\n<h3><\/h3>\n<\/div><\/section><\/p>\n<div   data-autoplay='false'  data-interval='5'  data-animation='slide'  class='avia-logo-element-container av-border-deactivate avia-logo-slider avia-content-slider avia-smallarrow-slider avia-content-slider-active noHover avia-content-slider1 avia-content-slider-even  avia-builder-el-16  el_after_av_textblock  avia-builder-el-last  ' ><div class='avia-smallarrow-slider-heading  no-logo-slider-heading '><div class='new-special-heading'>&nbsp;<\/div><\/div><div class='avia-content-slider-inner'><div class='slide-entry-wrap' ><div  class='slide-entry flex_column no_margin post-entry slide-entry-overview slide-loop-1 slide-parity-odd  av_one_eighth first real-thumbnail'><\/div><div  class='slide-entry flex_column no_margin post-entry slide-entry-overview slide-loop-2 slide-parity-even  post-entry-last  av_one_eighth  real-thumbnail'><span class='av-partner-fake-img' style='padding-bottom:100%; background-image:url(https:\/\/2022.transeuropafestival.eu\/wp-content\/uploads\/2022\/03\/Untitled-design-37-1.png);'><\/span><\/div><\/div><\/div><\/div>\n","protected":false},"excerpt":{"rendered":"","protected":false},"author":2,"featured_media":0,"parent":0,"menu_order":0,"comment_status":"closed","ping_status":"closed","template":"","meta":{"footnotes":""},"class_list":["post-10742","page","type-page","status-publish","hentry"],"_links":{"self":[{"href":"https:\/\/2022.transeuropafestival.eu\/pt-pt\/wp-json\/wp\/v2\/pages\/10742","targetHints":{"allow":["GET"]}}],"collection":[{"href":"https:\/\/2022.transeuropafestival.eu\/pt-pt\/wp-json\/wp\/v2\/pages"}],"about":[{"href":"https:\/\/2022.transeuropafestival.eu\/pt-pt\/wp-json\/wp\/v2\/types\/page"}],"author":[{"embeddable":true,"href":"https:\/\/2022.transeuropafestival.eu\/pt-pt\/wp-json\/wp\/v2\/users\/2"}],"replies":[{"embeddable":true,"href":"https:\/\/2022.transeuropafestival.eu\/pt-pt\/wp-json\/wp\/v2\/comments?post=10742"}],"version-history":[{"count":9,"href":"https:\/\/2022.transeuropafestival.eu\/pt-pt\/wp-json\/wp\/v2\/pages\/10742\/revisions"}],"predecessor-version":[{"id":12195,"href":"https:\/\/2022.transeuropafestival.eu\/pt-pt\/wp-json\/wp\/v2\/pages\/10742\/revisions\/12195"}],"wp:attachment":[{"href":"https:\/\/2022.transeuropafestival.eu\/pt-pt\/wp-json\/wp\/v2\/media?parent=10742"}],"curies":[{"name":"wp","href":"https:\/\/api.w.org\/{rel}","templated":true}]}}