{"id":10601,"date":"2019-07-22T10:48:19","date_gmt":"2019-07-22T10:48:19","guid":{"rendered":"https:\/\/2022.transeuropafestival.eu\/education-through-stone\/"},"modified":"2022-04-11T07:14:36","modified_gmt":"2022-04-11T07:14:36","slug":"seeing-the-city-through-their-voices","status":"publish","type":"page","link":"https:\/\/2022.transeuropafestival.eu\/pt-pt\/seeing-the-city-through-their-voices\/","title":{"rendered":"VER-A-CIDADE PELAS SUAS VOZES"},"content":{"rendered":"<div id='eventheader'  class='avia-section main_color avia-section-huge avia-no-border-styling  avia-full-stretch av-parallax-section av-section-color-overlay-active avia-bg-style-parallax  avia-builder-el-0  el_before_av_section  avia-builder-el-first   container_wrap fullsize' style=' '  data-section-bg-repeat='stretch'><div class='av-parallax' data-avia-parallax-ratio='0.3' ><div class='av-parallax-inner main_color  avia-full-stretch' style = 'background-repeat: no-repeat; background-image: url(https:\/\/2022.transeuropafestival.eu\/wp-content\/uploads\/2022\/03\/51734136882_d05c32bac9_o-scaled.jpg);background-attachment: scroll; background-position: center center; ' ><\/div><\/div><div class='av-section-color-overlay-wrap'><div class='av-section-color-overlay' style='opacity: 0.5; background-color: #35383c; '><\/div><div class='container' ><main  role=\"main\" itemprop=\"mainContentOfPage\"  class='template-page content  av-content-full alpha units'><div class='post-entry post-entry-type-page post-entry-10601'><div class='entry-content-wrapper clearfix'>\n<div class=\"flex_column av_one_fifth  flex_column_div av-zero-column-padding first  avia-builder-el-1  el_before_av_three_fifth  avia-builder-el-first  \" style='border-radius:0px; '><\/div><div class=\"flex_column av_three_fifth  flex_column_div av-zero-column-padding   avia-builder-el-2  el_after_av_one_fifth  el_before_av_one_fifth  \" style='border-radius:0px; '><div  style='padding-bottom:19px; color:#ffffff;font-size:40px;' class='av-special-heading av-special-heading-h1 custom-color-heading blockquote modern-quote modern-centered  avia-builder-el-3  avia-builder-el-no-sibling  av-inherit-size '><h1 class='av-special-heading-tag '  itemprop=\"headline\"  >VER-A-CIDADE PELAS SUAS VOZES<\/h1><div class='special-heading-border'><div class='special-heading-inner-border' style='border-color:#ffffff'><\/div><\/div><\/div><\/div><div class=\"flex_column av_one_fifth  flex_column_div av-zero-column-padding   avia-builder-el-4  el_after_av_three_fifth  el_before_av_one_fifth  \" style='border-radius:0px; '><\/div><div class=\"flex_column av_one_fifth  flex_column_div av-zero-column-padding first  avia-builder-el-5  el_after_av_one_fifth  el_before_av_three_fifth  column-top-margin\" style='border-radius:0px; '><\/div><div class=\"flex_column av_three_fifth  flex_column_div av-zero-column-padding   avia-builder-el-6  el_after_av_one_fifth  el_before_av_one_fifth  column-top-margin\" style='border-radius:0px; '><p><article  class=\"iconbox iconbox_left    avia-builder-el-7  el_before_av_icon_box  avia-builder-el-first  \"  itemscope=\"itemscope\" itemtype=\"https:\/\/schema.org\/CreativeWork\" ><div class=\"iconbox_content\"><header class=\"entry-content-header\"><div class=\"iconbox_icon heading-color\" aria-hidden='true' data-av_icon='\ue842' data-av_iconfont='entypo-fontello'  style='background-color:#000000; color:#ffffff; ' ><\/div><h3 class='iconbox_content_title  '  itemprop=\"headline\"   style='color:#ffffff; '>Jardim Bot\u00e2nico \/ Galeria da Biodiversidade<\/h3><\/header><div class='iconbox_content_container  '  itemprop=\"text\"  ><\/div><\/div><footer class=\"entry-footer\"><\/footer><\/article><br \/>\n<article  class=\"iconbox iconbox_left    avia-builder-el-8  el_after_av_icon_box  avia-builder-el-last  \"  itemscope=\"itemscope\" itemtype=\"https:\/\/schema.org\/CreativeWork\" ><div class=\"iconbox_content\"><header class=\"entry-content-header\"><div class=\"iconbox_icon heading-color\" aria-hidden='true' data-av_icon='\ue862' data-av_iconfont='entypo-fontello'  style='background-color:#000000; color:#ffffff; ' ><\/div><h3 class='iconbox_content_title  '  itemprop=\"headline\"   style='color:#ffffff; '>21 - 25 Abril <\/h3><\/header><div class='iconbox_content_container  '  itemprop=\"text\"  ><\/div><\/div><footer class=\"entry-footer\"><\/footer><\/article><\/p><\/div><div class=\"flex_column av_one_fifth  flex_column_div av-zero-column-padding   avia-builder-el-9  el_after_av_three_fifth  avia-builder-el-last  column-top-margin\" style='border-radius:0px; '><\/div>\n\n<\/div><\/div><\/main><!-- close content main element --><\/div><\/div><\/div><div id='av_section_2'  class='avia-section main_color avia-section-small avia-no-border-styling  avia-bg-style-scroll  avia-builder-el-10  el_after_av_section  el_before_av_textblock   container_wrap fullsize' style=' '  ><div class='container' ><div class='template-page content  av-content-full alpha units'><div class='post-entry post-entry-type-page post-entry-10601'><div class='entry-content-wrapper clearfix'>\n<div class=\"flex_column av_one_fifth  flex_column_div av-zero-column-padding first  avia-builder-el-11  el_before_av_three_fifth  avia-builder-el-first  \" style='border-radius:0px; '><\/div><div class=\"flex_column av_three_fifth  flex_column_div av-zero-column-padding   avia-builder-el-12  el_after_av_one_fifth  el_before_av_one_fifth  \" style='border-radius:0px; '><section class=\"av_textblock_section \"  itemscope=\"itemscope\" itemtype=\"https:\/\/schema.org\/CreativeWork\" ><div class='avia_textblock  '   itemprop=\"text\" ><p><span style=\"font-weight: 400;\">Uma exposi\u00e7\u00e3o \u00e1udio do Grupo EducAR, Ver-A-Cidade Pelas Vozes \u00e9 um encontro com hist\u00f3rias ver\u00eddicas sobre racismo e antirracismo, sobre leis de cidadania, academia, o mercado de trabalho, e muitos outros espa\u00e7os. \u00c9 um exerc\u00edcio de sensibiliza\u00e7\u00e3o atrav\u00e9s da voz do Outro para compreender a complexidade da vida quotidiana na nossa realidade. \u00c9 uma a\u00e7\u00e3o para tornar vis\u00edveis as alegrias e as dores de ser &#8216;diferente&#8217;. \u00c9 um momento para desnaturalizar a viol\u00eancia, transformar preconceitos, fortalecer mem\u00f3rias, e ressignificar hist\u00f3rias. Para ouvir e sentir. Pensar antes de falar.<\/span><\/p>\n<\/div><\/section><\/div><div class=\"flex_column av_one_fifth  flex_column_div av-zero-column-padding   avia-builder-el-14  el_after_av_three_fifth  avia-builder-el-last  \" style='border-radius:0px; '><\/div><\/div><\/div><\/div><!-- close content main div --><\/div><\/div><div id='after_section_2'  class='main_color av_default_container_wrap container_wrap fullsize' style=' '  ><div class='container' ><div class='template-page content  av-content-full alpha units'><div class='post-entry post-entry-type-page post-entry-10601'><div class='entry-content-wrapper clearfix'><section class=\"av_textblock_section \"  itemscope=\"itemscope\" itemtype=\"https:\/\/schema.org\/CreativeWork\" ><div class='avia_textblock  '   itemprop=\"text\" ><h2 style=\"text-align: center;\"><strong>PARCEIROS<\/strong><\/h2>\n<h3><strong>Grupo EducAR<\/strong><\/h3>\n<\/div><\/section><\/p>\n\n","protected":false},"excerpt":{"rendered":"","protected":false},"author":2,"featured_media":0,"parent":0,"menu_order":0,"comment_status":"closed","ping_status":"closed","template":"","meta":{"footnotes":""},"class_list":["post-10601","page","type-page","status-publish","hentry"],"_links":{"self":[{"href":"https:\/\/2022.transeuropafestival.eu\/pt-pt\/wp-json\/wp\/v2\/pages\/10601","targetHints":{"allow":["GET"]}}],"collection":[{"href":"https:\/\/2022.transeuropafestival.eu\/pt-pt\/wp-json\/wp\/v2\/pages"}],"about":[{"href":"https:\/\/2022.transeuropafestival.eu\/pt-pt\/wp-json\/wp\/v2\/types\/page"}],"author":[{"embeddable":true,"href":"https:\/\/2022.transeuropafestival.eu\/pt-pt\/wp-json\/wp\/v2\/users\/2"}],"replies":[{"embeddable":true,"href":"https:\/\/2022.transeuropafestival.eu\/pt-pt\/wp-json\/wp\/v2\/comments?post=10601"}],"version-history":[{"count":10,"href":"https:\/\/2022.transeuropafestival.eu\/pt-pt\/wp-json\/wp\/v2\/pages\/10601\/revisions"}],"predecessor-version":[{"id":11747,"href":"https:\/\/2022.transeuropafestival.eu\/pt-pt\/wp-json\/wp\/v2\/pages\/10601\/revisions\/11747"}],"wp:attachment":[{"href":"https:\/\/2022.transeuropafestival.eu\/pt-pt\/wp-json\/wp\/v2\/media?parent=10601"}],"curies":[{"name":"wp","href":"https:\/\/api.w.org\/{rel}","templated":true}]}}