{"id":10147,"date":"2017-07-06T12:37:50","date_gmt":"2017-07-06T12:37:50","guid":{"rendered":"https:\/\/2022.transeuropafestival.eu\/participate\/"},"modified":"2022-04-22T11:37:18","modified_gmt":"2022-04-22T11:37:18","slug":"participe","status":"publish","type":"page","link":"https:\/\/2022.transeuropafestival.eu\/pt-pt\/participe\/","title":{"rendered":"Participe"},"content":{"rendered":"<div id='eventheader'  class='avia-section main_color avia-section-huge avia-no-border-styling  avia-full-stretch av-parallax-section av-section-color-overlay-active avia-bg-style-parallax  avia-builder-el-0  el_before_av_section  avia-builder-el-first   container_wrap fullsize' style=' '  data-section-bg-repeat='stretch'><div class='av-parallax' data-avia-parallax-ratio='0.3' ><div class='av-parallax-inner main_color  avia-full-stretch' style = 'background-repeat: no-repeat; background-image: url(https:\/\/2022.transeuropafestival.eu\/wp-content\/uploads\/2019\/06\/porto-city-centre3.jpg);background-attachment: scroll; background-position: center center; ' ><\/div><\/div><div class='av-section-color-overlay-wrap'><div class='av-section-color-overlay' style='opacity: 0.5; background-color: #35383c; '><\/div><div class='container' ><main  role=\"main\" itemprop=\"mainContentOfPage\"  class='template-page content  av-content-full alpha units'><div class='post-entry post-entry-type-page post-entry-10147'><div class='entry-content-wrapper clearfix'>\n<div class=\"flex_column av_one_fifth  flex_column_div av-zero-column-padding first  avia-builder-el-1  el_before_av_three_fifth  avia-builder-el-first  \" style='border-radius:0px; '><\/div><div class=\"flex_column av_three_fifth  flex_column_div av-zero-column-padding   avia-builder-el-2  el_after_av_one_fifth  el_before_av_one_fifth  \" style='border-radius:0px; '><div  style='padding-bottom:19px; color:#ffffff;font-size:40px;' class='av-special-heading av-special-heading-h1 custom-color-heading blockquote modern-quote modern-centered  avia-builder-el-3  avia-builder-el-no-sibling  av-inherit-size '><h1 class='av-special-heading-tag '  itemprop=\"headline\"  >Participe<\/h1><div class='special-heading-border'><div class='special-heading-inner-border' style='border-color:#ffffff'><\/div><\/div><\/div><\/div><div class=\"flex_column av_one_fifth  flex_column_div av-zero-column-padding   avia-builder-el-4  el_after_av_three_fifth  avia-builder-el-last  \" style='border-radius:0px; '><\/div>\n\n<\/div><\/div><\/main><!-- close content main element --><\/div><\/div><\/div><div id='av_section_2'  class='avia-section main_color avia-section-small avia-no-border-styling  avia-bg-style-scroll  avia-builder-el-5  el_after_av_section  avia-builder-el-last   container_wrap fullsize' style=' '  ><div class='container' ><div class='template-page content  av-content-full alpha units'><div class='post-entry post-entry-type-page post-entry-10147'><div class='entry-content-wrapper clearfix'>\n<div class=\"flex_column av_one_fifth  flex_column_div av-zero-column-padding first  avia-builder-el-6  el_before_av_three_fifth  avia-builder-el-first  \" style='border-radius:0px; '><\/div><div class=\"flex_column av_three_fifth  flex_column_div av-zero-column-padding   avia-builder-el-7  el_after_av_one_fifth  el_before_av_one_fifth  \" style='border-radius:0px; '><section class=\"av_textblock_section \"  itemscope=\"itemscope\" itemtype=\"https:\/\/schema.org\/CreativeWork\" ><div class='avia_textblock  '  style='font-size:14px; '  itemprop=\"text\" ><p>Milhares de pessoas t\u00eam participado e moldado o Transeuropa na \u00faltima d\u00e9cada e, mais uma vez, ativistas e artistas vindos de toda a Europa ir\u00e3o encontrar-se com a popula\u00e7\u00e3o local para criar e trocar as suas ideias por uma Europa alternativa.<\/p>\n<p>Todas as <span style=\"font-weight: 400;\">atividades<\/span> do programa ser\u00e3o abertas e gratuitas. Apenas os workshops e o meet&amp;greet necessitar\u00e3o de registo. Registe-se aqui:<\/p>\n<ul>\n<li><span style=\"text-decoration: underline;\"><a href=\"https:\/\/docs.google.com\/forms\/d\/e\/1FAIpQLSeBCQbL2Vu7PJiNAMrMvbFPzhRdSKVhX4D5pIsiQREJjnXgsA\/viewform\"><b>OFICINA TRANSNACIONAL DE AZULEJOS | 21 de Abril &amp; 21 de Abril | Cooperativa \u00c1rvore<\/b><\/a><\/span><\/li>\n<li><a href=\"https:\/\/docs.google.com\/forms\/d\/e\/1FAIpQLScBlmOyEBJ5AJbPTklBLf19CpDqCxSnGlN7eEqws_XwA-9RTw\/viewform\"><b><span style=\"text-decoration: underline;\">UMA ECOTOPIA DAS \u2018ARTS &amp; CRAFTS\u2019\u2013 COMUNIDADES LOCAIS E CONSUMO VERDE | 24 Abril | Jardim Bot\u00e2nico \/ Galeria da Biodiversidade\u00a0<\/span><\/b><\/a><\/li>\n<li><a href=\"https:\/\/docs.google.com\/forms\/d\/e\/1FAIpQLSeKxYdaCye-V1-gB35DIunidS56-Jq6U19Ufl2rZMuI8wVL9A\/viewform\"><span style=\"text-decoration: underline;\"><b>MEET &amp; GREET COM MARIAN LENS \u2013 CULTURA E ATIVISMO QUEER DA B\u00c9LGICA AO PORTO | 22 Abril | Livraria Aberta | 19h<\/b><\/span><\/a><\/li>\n<li><a href=\"https:\/\/docs.google.com\/forms\/d\/e\/1FAIpQLSdfYbWDfIadmPICXuGnsA6fhKhtRVbXVYoF5AKMex4AcqwO2g\/viewform\"><span style=\"text-decoration: underline;\"><strong>VER-A-CIDADE PELAS SUAS VOZES &#8211; REFLEX\u00c3O SOBRE O RACISMO QUOTIDIANO | 24 Abril | Jardim Bot\u00e2nico \/ Galeria da Biodiversidade | 13:30h &amp; 17h<\/strong><\/span><\/a><\/li>\n<li>\n<h6><span style=\"text-decoration: underline;\"><b>FISSURAS NO CIMENTO \u2013 PASSEIO DECOLONIAL DO PORTO<\/b><b>\u00a0| 23 Abril | Jardins do Pal\u00e1cio de Cristal | 11h\u00a0<\/b><\/span><\/h6>\n<\/li>\n<\/ul>\n<\/div><\/section><\/div><div class=\"flex_column av_one_fifth  flex_column_div av-zero-column-padding   avia-builder-el-9  el_after_av_three_fifth  avia-builder-el-last  \" style='border-radius:0px; '><\/div>\n","protected":false},"excerpt":{"rendered":"","protected":false},"author":1,"featured_media":0,"parent":0,"menu_order":0,"comment_status":"closed","ping_status":"closed","template":"","meta":{"footnotes":""},"class_list":["post-10147","page","type-page","status-publish","hentry"],"_links":{"self":[{"href":"https:\/\/2022.transeuropafestival.eu\/pt-pt\/wp-json\/wp\/v2\/pages\/10147","targetHints":{"allow":["GET"]}}],"collection":[{"href":"https:\/\/2022.transeuropafestival.eu\/pt-pt\/wp-json\/wp\/v2\/pages"}],"about":[{"href":"https:\/\/2022.transeuropafestival.eu\/pt-pt\/wp-json\/wp\/v2\/types\/page"}],"author":[{"embeddable":true,"href":"https:\/\/2022.transeuropafestival.eu\/pt-pt\/wp-json\/wp\/v2\/users\/1"}],"replies":[{"embeddable":true,"href":"https:\/\/2022.transeuropafestival.eu\/pt-pt\/wp-json\/wp\/v2\/comments?post=10147"}],"version-history":[{"count":9,"href":"https:\/\/2022.transeuropafestival.eu\/pt-pt\/wp-json\/wp\/v2\/pages\/10147\/revisions"}],"predecessor-version":[{"id":12309,"href":"https:\/\/2022.transeuropafestival.eu\/pt-pt\/wp-json\/wp\/v2\/pages\/10147\/revisions\/12309"}],"wp:attachment":[{"href":"https:\/\/2022.transeuropafestival.eu\/pt-pt\/wp-json\/wp\/v2\/media?parent=10147"}],"curies":[{"name":"wp","href":"https:\/\/api.w.org\/{rel}","templated":true}]}}