{"id":10139,"date":"2017-06-30T11:51:59","date_gmt":"2017-06-30T11:51:59","guid":{"rendered":"https:\/\/2022.transeuropafestival.eu\/media\/"},"modified":"2022-03-09T11:47:59","modified_gmt":"2022-03-09T11:47:59","slug":"media","status":"publish","type":"page","link":"https:\/\/2022.transeuropafestival.eu\/pt-pt\/media\/","title":{"rendered":"Media"},"content":{"rendered":"<div id='av_section_1'  class='avia-section main_color avia-section-huge avia-no-border-styling  avia-full-stretch av-parallax-section av-section-color-overlay-active avia-bg-style-parallax  avia-builder-el-0  el_before_av_section  avia-builder-el-first   container_wrap fullsize' style=' '  data-section-bg-repeat='stretch'><div class='av-parallax' data-avia-parallax-ratio='0.3' ><div class='av-parallax-inner main_color  avia-full-stretch' style = 'background-repeat: no-repeat; background-image: url(https:\/\/2022.transeuropafestival.eu\/wp-content\/uploads\/2019\/06\/Canva-Selective-Focus-Photography-of-Magazines.jpg);background-attachment: scroll; background-position: center center; ' ><\/div><\/div><div class='av-section-color-overlay-wrap'><div class='av-section-color-overlay' style='opacity: 0.5; background-color: #35383c; '><\/div><div class='container' ><main  role=\"main\" itemprop=\"mainContentOfPage\"  class='template-page content  av-content-full alpha units'><div class='post-entry post-entry-type-page post-entry-10139'><div class='entry-content-wrapper clearfix'>\n<div class=\"flex_column av_one_fifth  flex_column_div av-zero-column-padding first  avia-builder-el-1  el_before_av_three_fifth  avia-builder-el-first  \" style='border-radius:0px; '><\/div><div class=\"flex_column av_three_fifth  flex_column_div av-zero-column-padding   avia-builder-el-2  el_after_av_one_fifth  el_before_av_one_fifth  \" style='border-radius:0px; '><p><div  style='padding-bottom:20px; color:#ffffff;font-size:40px;' class='av-special-heading av-special-heading-h1 custom-color-heading blockquote modern-quote modern-centered  avia-builder-el-3  el_before_av_textblock  avia-builder-el-first  av-inherit-size '><h1 class='av-special-heading-tag '  itemprop=\"headline\"  >Media<\/h1><div class='special-heading-border'><div class='special-heading-inner-border' style='border-color:#ffffff'><\/div><\/div><\/div><br \/>\n<section class=\"av_textblock_section \"  itemscope=\"itemscope\" itemtype=\"https:\/\/schema.org\/CreativeWork\" ><div class='avia_textblock  av_inherit_color '  style='font-size:20px; color:#ffffff; '  itemprop=\"text\" ><p style=\"text-align: center;\">Para perguntas e pedidos de imprensa, por favor contacte o nossa PR Marta Cillero: m.cillero@euroalter.com<\/p>\n<\/div><\/section><\/p><\/div><div class=\"flex_column av_one_fifth  flex_column_div av-zero-column-padding   avia-builder-el-5  el_after_av_three_fifth  avia-builder-el-last  \" style='border-radius:0px; '><\/div><\/div><\/div><\/main><!-- close content main element --><\/div><\/div><\/div><div id='av_section_2'  class='avia-section main_color avia-section-no-padding avia-no-border-styling  avia-bg-style-scroll  avia-builder-el-6  el_after_av_section  el_before_av_section   container_wrap fullsize' style=' '  ><div class='container' ><div class='template-page content  av-content-full alpha units'><div class='post-entry post-entry-type-page post-entry-10139'><div class='entry-content-wrapper clearfix'><\/p>\n<\/div><\/div><\/div><!-- close content main div --><\/div><\/div><div id='av_section_3'  class='avia-section main_color avia-section-no-padding avia-no-border-styling  avia-bg-style-scroll  avia-builder-el-7  el_after_av_section  el_before_av_section   container_wrap fullsize' style=' '  ><div class='container' ><div class='template-page content  av-content-full alpha units'><div class='post-entry post-entry-type-page post-entry-10139'><div class='entry-content-wrapper clearfix'>\n<div class=\"flex_column av_one_half  flex_column_div av-zero-column-padding first  avia-builder-el-8  avia-builder-el-no-sibling  \" style='border-radius:0px; '><p><div  style='padding-bottom:0px; color:#000000;font-size:40px;' class='av-special-heading av-special-heading-h2 custom-color-heading blockquote modern-quote  avia-builder-el-9  el_before_av_hr  avia-builder-el-first  av-inherit-size '><h2 class='av-special-heading-tag '  itemprop=\"headline\"  >Acredita\u00e7\u00f5es e pedidos de informa\u00e7\u00e3o \u00e0 imprensa<\/h2><div class='special-heading-border'><div class='special-heading-inner-border' style='border-color:#000000'><\/div><\/div><\/div><br \/>\n<div  style=' margin-top:10px; margin-bottom:10px;'  class='hr hr-custom hr-left hr-icon-no   avia-builder-el-10  el_after_av_heading  avia-builder-el-last '><span class='hr-inner  inner-border-av-border-fat' style=' width:50px; border-color:#000000;' ><span class='hr-inner-style'><\/span><\/span><\/div><\/p><\/div>\n\n<\/div><\/div><\/div><!-- close content main div --><\/div><\/div><div id='av_section_4'  class='avia-section main_color avia-section-no-padding avia-no-border-styling  avia-bg-style-scroll  avia-builder-el-11  el_after_av_section  avia-builder-el-last   container_wrap fullsize' style=' '  ><div class='container' ><div class='template-page content  av-content-full alpha units'><div class='post-entry post-entry-type-page post-entry-10139'><div class='entry-content-wrapper clearfix'>\n<div class=\"flex_column av_one_half  flex_column_div av-zero-column-padding first  avia-builder-el-12  avia-builder-el-no-sibling  \" style='border-radius:0px; '><form action=\"https:\/\/2022.transeuropafestival.eu\/pt-pt\/media\/\" method=\"post\"  class=\"avia_ajax_form av-form-labels-visible   avia-builder-el-13  avia-builder-el-no-sibling  av-custom-form-color av-dark-form \" data-avia-form-id=\"1\" data-avia-redirect='' ><fieldset><p class='  first_form  form_element form_element_half' id='element_avia_1_1'><label for=\"avia_1_1\">Nome <abbr class=\"required\" title=\"required\">*<\/abbr><\/label> <input name=\"avia_1_1\" class=\"text_input is_empty\" type=\"text\" id=\"avia_1_1\" value=\"\" \/><\/p><p class='  form_element form_element_half' id='element_avia_2_1'><label for=\"avia_2_1\">E-mail <abbr class=\"required\" title=\"required\">*<\/abbr><\/label> <input name=\"avia_2_1\" class=\"text_input is_email\" type=\"text\" id=\"avia_2_1\" value=\"\" \/><\/p><p class='  first_form  form_element form_fullwidth av-last-visible-form-element' id='element_avia_3_1'><label for=\"avia_3_1\" class=\"textare_label hidden textare_label_avia_3_1\">Mensagem <abbr class=\"required\" title=\"required\">*<\/abbr><\/label><textarea  name=\"avia_3_1\" class=\"text_area is_empty\" cols=\"40\" rows=\"7\" id=\"avia_3_1\" ><\/textarea><\/p><p class=\"hidden\"><input type=\"text\" name=\"avia_4_1\" class=\"hidden \" id=\"avia_4_1\" value=\"\" \/><\/p><p class=\"form_element \"><input type=\"hidden\" value=\"1\" name=\"avia_generated_form1\" \/><input type=\"submit\" value=\"Envie\" class=\"button\"  data-sending-label=\"Sending\"\/><\/p><\/fieldset><\/form><div id=\"ajaxresponse_1\" class=\"ajaxresponse ajaxresponse_1 hidden\"><\/div><\/div>\n\n","protected":false},"excerpt":{"rendered":"","protected":false},"author":1,"featured_media":0,"parent":0,"menu_order":0,"comment_status":"closed","ping_status":"closed","template":"","meta":{"footnotes":""},"class_list":["post-10139","page","type-page","status-publish","hentry"],"_links":{"self":[{"href":"https:\/\/2022.transeuropafestival.eu\/pt-pt\/wp-json\/wp\/v2\/pages\/10139","targetHints":{"allow":["GET"]}}],"collection":[{"href":"https:\/\/2022.transeuropafestival.eu\/pt-pt\/wp-json\/wp\/v2\/pages"}],"about":[{"href":"https:\/\/2022.transeuropafestival.eu\/pt-pt\/wp-json\/wp\/v2\/types\/page"}],"author":[{"embeddable":true,"href":"https:\/\/2022.transeuropafestival.eu\/pt-pt\/wp-json\/wp\/v2\/users\/1"}],"replies":[{"embeddable":true,"href":"https:\/\/2022.transeuropafestival.eu\/pt-pt\/wp-json\/wp\/v2\/comments?post=10139"}],"version-history":[{"count":4,"href":"https:\/\/2022.transeuropafestival.eu\/pt-pt\/wp-json\/wp\/v2\/pages\/10139\/revisions"}],"predecessor-version":[{"id":10980,"href":"https:\/\/2022.transeuropafestival.eu\/pt-pt\/wp-json\/wp\/v2\/pages\/10139\/revisions\/10980"}],"wp:attachment":[{"href":"https:\/\/2022.transeuropafestival.eu\/pt-pt\/wp-json\/wp\/v2\/media?parent=10139"}],"curies":[{"name":"wp","href":"https:\/\/api.w.org\/{rel}","templated":true}]}}